{"id":15471,"date":"2026-02-09T20:38:28","date_gmt":"2026-02-09T19:38:28","guid":{"rendered":"https:\/\/dr-martins.com\/?page_id=15471"},"modified":"2026-02-09T20:58:42","modified_gmt":"2026-02-09T19:58:42","slug":"biofach-pressemappe-deutsch","status":"publish","type":"page","link":"https:\/\/dr-martins.com\/de\/biofach-pressemappe-deutsch\/","title":{"rendered":"Biofach &#8211; Pressemappe Deutsch"},"content":{"rendered":"<h1>Online-Pressemappe zur BIOFACH<\/h1>\n<p>&nbsp;<\/p>\n<p><strong>Willkommen in unserer Online-Pressemappe zur BIOFACH!<\/strong><\/p>\n<p>&nbsp;<\/p>\n<p data-start=\"233\" data-end=\"263\"><strong data-start=\"233\" data-end=\"263\">Sch\u00f6n, dass Sie hier sind.<\/strong><\/p>\n<p data-start=\"265\" data-end=\"536\">green coco steht f\u00fcr hochwertiges Bio-Kokoswasser mit klarer Haltung: transparent in der Herkunft, verantwortungsvoll im Handeln und kompromisslos in der Qualit\u00e4t. Auf der BIOFACH zeigen wir, wie bewusster Genuss, Fairness und ein modernes Bio-Verst\u00e4ndnis zusammenpassen.<\/p>\n<p data-start=\"538\" data-end=\"853\">Im Mittelpunkt steht unsere <strong data-start=\"566\" data-end=\"596\">green coco Functional Line<\/strong> \u2013 eine echte Produktneuheit: <strong data-start=\"626\" data-end=\"694\">Sport- und Energy-Drinks aus nat\u00fcrlichen Zutaten in Bio-Qualit\u00e4t<\/strong>. Drei clever kombinierte Bio-S\u00e4fte liefern <strong data-start=\"738\" data-end=\"805\">Vitamine, Mineralstoffe und Vitalstoffe aus Fr\u00fcchten und Gem\u00fcse<\/strong> \u2013 <strong data-start=\"808\" data-end=\"852\">ganz ohne k\u00fcnstliche Zus\u00e4tze oder Zucker<\/strong>.<\/p>\n<p data-start=\"855\" data-end=\"1095\">In dieser Pressemappe finden Sie alle relevanten Informationen zur Functional Line, zu green coco als Marke sowie zu Herkunft, Qualit\u00e4t und Haltung hinter unseren Produkten \u2013 einzeln zum Download oder geb\u00fcndelt als vollst\u00e4ndige Pressemappe.<\/p>\n<p data-start=\"1097\" data-end=\"1247\">F\u00fcr Fragen oder Interviewanfragen stehen wir Ihnen jederzeit gerne zur Verf\u00fcgung.<br data-start=\"1178\" data-end=\"1181\"><strong data-start=\"1181\" data-end=\"1247\">Wir freuen uns auf Ihren Besuch an unserem Stand 534, Halle 9.<\/strong><\/p>\n<p>&nbsp;<\/p>\n<div class=\"col-sm-9\" style=\"padding-left: 0;\">\n<h3 data-start=\"343\" data-end=\"394\">Kurz\u00fcberblick&nbsp;<\/h3>\n<ul data-start=\"395\" data-end=\"780\">\n<li data-start=\"395\" data-end=\"468\">\n<p data-start=\"397\" data-end=\"468\"><strong data-start=\"397\" data-end=\"421\">Unternehmen \/ Marke:<\/strong><br data-start=\"421\" data-end=\"424\">green coco \u2013 coco by Dr. Antonio Martins<\/p>\n<\/li>\n<li data-start=\"469\" data-end=\"524\">\n<p data-start=\"471\" data-end=\"524\"><strong data-start=\"471\" data-end=\"483\">Branche:<\/strong><br data-start=\"483\" data-end=\"486\">Bio-Lebensmittel \/ Bio-Kokoswasser<\/p>\n<\/li>\n<li data-start=\"525\" data-end=\"603\">\n<p data-start=\"527\" data-end=\"603\"><strong data-start=\"527\" data-end=\"546\">Positionierung:<\/strong><br data-start=\"546\" data-end=\"549\">Bio, Fairtrade, nachhaltig, transparenter Ursprung<\/p>\n<\/li>\n<li data-start=\"604\" data-end=\"703\">\n<p data-start=\"606\" data-end=\"703\"><strong data-start=\"606\" data-end=\"614\">USP:<\/strong><br data-start=\"614\" data-end=\"617\">Nat\u00fcrliches Kokoswasser ohne Zus\u00e4tze, Fokus auf Qualit\u00e4t, Herkunft &amp; Verantwortung<\/p>\n<\/li>\n<li data-start=\"704\" data-end=\"780\">\n<p data-start=\"706\" data-end=\"780\"><strong data-start=\"706\" data-end=\"721\">Zielgruppe:<\/strong><br data-start=\"721\" data-end=\"724\">Fachhandel, Biohandel, Gro\u00dfhandel<\/p>\n<\/li>\n<\/ul>\n<h3>Downloads<\/h3>\n<p><a class=\"btn btn-default\" href=\"https:\/\/dr-martins.com\/wp-content\/uploads\/2026\/02\/Unternehmensportrait_Green_Coco_BioFach_final.pdf\" target=\"_blank\" rel=\"noopener\">Unternehmensprofil<\/a><a class=\"btn btn-default\" href=\"https:\/\/dr-martins.com\/wp-content\/uploads\/2026\/02\/Produktvorstellung_Biofach_2026_final.pdf\" target=\"_blank\" rel=\"noopener\">Produktinformationen<\/a><a class=\"btn btn-default\" href=\"https:\/\/dr-martins.com\/wp-content\/uploads\/2026\/02\/Factsheet_green_coco.pdf\" target=\"_blank\" rel=\"noopener\">Factsheet<\/a><a class=\"btn btn-default\" href=\"https:\/\/dr-martins.com\/wp-content\/uploads\/2026\/02\/Logos_Bilder.zip\" target=\"_blank\" rel=\"noopener\">Bildmaterial (zip-File)<\/a><\/p>\n<p>&nbsp;<\/p>\n<div class=\"col-sm-9\">\n<p><strong>Bei weiteren Fragen kontaktieren Sie gerne:<\/strong><\/p>\n<p>Alexa Holzapfel<\/p>\n<p>PR &amp; Social Media<\/p>\n<p>Tel.: 0911\/58058890<\/p>\n<p><a href=\"mailto:pr@green-coco.com\">pr@green-coco.com<\/a><\/p>\n<\/div>\n<\/div>\n<p>&nbsp;<\/p>\n<p>&nbsp;<\/p>\n<p>&nbsp;<\/p>\n<div class=\"col-sm-7\">\n<p>&nbsp;<\/p>\n<\/div>\n","protected":false},"excerpt":{"rendered":"<p>Online-Pressemappe zur BIOFACH &nbsp; Willkommen in unserer Online-Pressemappe zur BIOFACH! &nbsp; Sch\u00f6n, dass Sie hier sind. green coco steht f\u00fcr hochwertiges Bio-Kokoswasser mit klarer Haltung: transparent in der Herkunft, verantwortungsvoll im Handeln und kompromisslos in der Qualit\u00e4t. Auf der BIOFACH zeigen wir, wie bewusster Genuss, Fairness und ein modernes Bio-Verst\u00e4ndnis zusammenpassen. Im Mittelpunkt steht unsere &hellip; <a href=\"https:\/\/dr-martins.com\/de\/biofach-pressemappe-deutsch\/\">Continued<\/a><\/p>\n","protected":false},"author":18,"featured_media":0,"parent":0,"menu_order":0,"comment_status":"closed","ping_status":"closed","template":"","meta":{"footnotes":""},"class_list":["post-15471","page","type-page","status-publish","hentry"],"acf":[],"yoast_head":"<!-- This site is optimized with the Yoast SEO plugin v27.3 - https:\/\/yoast.com\/product\/yoast-seo-wordpress\/ -->\n<title>Biofach - Pressemappe Deutsch - coco von dr. antonio martins<\/title>\n<meta name=\"robots\" content=\"index, follow, max-snippet:-1, max-image-preview:large, max-video-preview:-1\" \/>\n<link rel=\"canonical\" href=\"https:\/\/dr-martins.com\/de\/biofach-pressemappe-deutsch\/\" \/>\n<meta property=\"og:locale\" content=\"de_DE\" \/>\n<meta property=\"og:type\" content=\"article\" \/>\n<meta property=\"og:title\" content=\"Biofach - Pressemappe Deutsch - coco von dr. antonio martins\" \/>\n<meta property=\"og:description\" content=\"Online-Pressemappe zur BIOFACH &nbsp; Willkommen in unserer Online-Pressemappe zur BIOFACH! &nbsp; Sch\u00f6n, dass Sie hier sind. green coco steht f\u00fcr hochwertiges Bio-Kokoswasser mit klarer Haltung: transparent in der Herkunft, verantwortungsvoll im Handeln und kompromisslos in der Qualit\u00e4t. Auf der BIOFACH zeigen wir, wie bewusster Genuss, Fairness und ein modernes Bio-Verst\u00e4ndnis zusammenpassen. Im Mittelpunkt steht unsere &hellip; Continued\" \/>\n<meta property=\"og:url\" content=\"https:\/\/dr-martins.com\/de\/biofach-pressemappe-deutsch\/\" \/>\n<meta property=\"og:site_name\" content=\"coco von dr. antonio martins\" \/>\n<meta property=\"article:modified_time\" content=\"2026-02-09T19:58:42+00:00\" \/>\n<meta name=\"twitter:card\" content=\"summary_large_image\" \/>\n<meta name=\"twitter:label1\" content=\"Gesch\u00e4tzte Lesezeit\" \/>\n\t<meta name=\"twitter:data1\" content=\"1\u00a0Minute\" \/>\n<script type=\"application\/ld+json\" class=\"yoast-schema-graph\">{\"@context\":\"https:\\\/\\\/schema.org\",\"@graph\":[{\"@type\":\"WebPage\",\"@id\":\"https:\\\/\\\/dr-martins.com\\\/de\\\/biofach-pressemappe-deutsch\\\/\",\"url\":\"https:\\\/\\\/dr-martins.com\\\/de\\\/biofach-pressemappe-deutsch\\\/\",\"name\":\"Biofach - Pressemappe Deutsch - coco von dr. antonio martins\",\"isPartOf\":{\"@id\":\"https:\\\/\\\/dr-martins.com\\\/#website\"},\"datePublished\":\"2026-02-09T19:38:28+00:00\",\"dateModified\":\"2026-02-09T19:58:42+00:00\",\"breadcrumb\":{\"@id\":\"https:\\\/\\\/dr-martins.com\\\/de\\\/biofach-pressemappe-deutsch\\\/#breadcrumb\"},\"inLanguage\":\"de\",\"potentialAction\":[{\"@type\":\"ReadAction\",\"target\":[\"https:\\\/\\\/dr-martins.com\\\/de\\\/biofach-pressemappe-deutsch\\\/\"]}]},{\"@type\":\"BreadcrumbList\",\"@id\":\"https:\\\/\\\/dr-martins.com\\\/de\\\/biofach-pressemappe-deutsch\\\/#breadcrumb\",\"itemListElement\":[{\"@type\":\"ListItem\",\"position\":1,\"name\":\"Home\",\"item\":\"https:\\\/\\\/dr-martins.com\\\/de\\\/\"},{\"@type\":\"ListItem\",\"position\":2,\"name\":\"Biofach &#8211; Pressemappe Deutsch\"}]},{\"@type\":\"WebSite\",\"@id\":\"https:\\\/\\\/dr-martins.com\\\/#website\",\"url\":\"https:\\\/\\\/dr-martins.com\\\/\",\"name\":\"coco von dr. antonio martins\",\"description\":\"Coco Seitenuntertitel\",\"potentialAction\":[{\"@type\":\"SearchAction\",\"target\":{\"@type\":\"EntryPoint\",\"urlTemplate\":\"https:\\\/\\\/dr-martins.com\\\/?s={search_term_string}\"},\"query-input\":{\"@type\":\"PropertyValueSpecification\",\"valueRequired\":true,\"valueName\":\"search_term_string\"}}],\"inLanguage\":\"de\"}]}<\/script>\n<!-- \/ Yoast SEO plugin. -->","yoast_head_json":{"title":"Biofach - Pressemappe Deutsch - coco von dr. antonio martins","robots":{"index":"index","follow":"follow","max-snippet":"max-snippet:-1","max-image-preview":"max-image-preview:large","max-video-preview":"max-video-preview:-1"},"canonical":"https:\/\/dr-martins.com\/de\/biofach-pressemappe-deutsch\/","og_locale":"de_DE","og_type":"article","og_title":"Biofach - Pressemappe Deutsch - coco von dr. antonio martins","og_description":"Online-Pressemappe zur BIOFACH &nbsp; Willkommen in unserer Online-Pressemappe zur BIOFACH! &nbsp; Sch\u00f6n, dass Sie hier sind. green coco steht f\u00fcr hochwertiges Bio-Kokoswasser mit klarer Haltung: transparent in der Herkunft, verantwortungsvoll im Handeln und kompromisslos in der Qualit\u00e4t. Auf der BIOFACH zeigen wir, wie bewusster Genuss, Fairness und ein modernes Bio-Verst\u00e4ndnis zusammenpassen. Im Mittelpunkt steht unsere &hellip; Continued","og_url":"https:\/\/dr-martins.com\/de\/biofach-pressemappe-deutsch\/","og_site_name":"coco von dr. antonio martins","article_modified_time":"2026-02-09T19:58:42+00:00","twitter_card":"summary_large_image","twitter_misc":{"Gesch\u00e4tzte Lesezeit":"1\u00a0Minute"},"schema":{"@context":"https:\/\/schema.org","@graph":[{"@type":"WebPage","@id":"https:\/\/dr-martins.com\/de\/biofach-pressemappe-deutsch\/","url":"https:\/\/dr-martins.com\/de\/biofach-pressemappe-deutsch\/","name":"Biofach - Pressemappe Deutsch - coco von dr. antonio martins","isPartOf":{"@id":"https:\/\/dr-martins.com\/#website"},"datePublished":"2026-02-09T19:38:28+00:00","dateModified":"2026-02-09T19:58:42+00:00","breadcrumb":{"@id":"https:\/\/dr-martins.com\/de\/biofach-pressemappe-deutsch\/#breadcrumb"},"inLanguage":"de","potentialAction":[{"@type":"ReadAction","target":["https:\/\/dr-martins.com\/de\/biofach-pressemappe-deutsch\/"]}]},{"@type":"BreadcrumbList","@id":"https:\/\/dr-martins.com\/de\/biofach-pressemappe-deutsch\/#breadcrumb","itemListElement":[{"@type":"ListItem","position":1,"name":"Home","item":"https:\/\/dr-martins.com\/de\/"},{"@type":"ListItem","position":2,"name":"Biofach &#8211; Pressemappe Deutsch"}]},{"@type":"WebSite","@id":"https:\/\/dr-martins.com\/#website","url":"https:\/\/dr-martins.com\/","name":"coco von dr. antonio martins","description":"Coco Seitenuntertitel","potentialAction":[{"@type":"SearchAction","target":{"@type":"EntryPoint","urlTemplate":"https:\/\/dr-martins.com\/?s={search_term_string}"},"query-input":{"@type":"PropertyValueSpecification","valueRequired":true,"valueName":"search_term_string"}}],"inLanguage":"de"}]}},"_links":{"self":[{"href":"https:\/\/dr-martins.com\/de\/wp-json\/wp\/v2\/pages\/15471","targetHints":{"allow":["GET"]}}],"collection":[{"href":"https:\/\/dr-martins.com\/de\/wp-json\/wp\/v2\/pages"}],"about":[{"href":"https:\/\/dr-martins.com\/de\/wp-json\/wp\/v2\/types\/page"}],"author":[{"embeddable":true,"href":"https:\/\/dr-martins.com\/de\/wp-json\/wp\/v2\/users\/18"}],"replies":[{"embeddable":true,"href":"https:\/\/dr-martins.com\/de\/wp-json\/wp\/v2\/comments?post=15471"}],"version-history":[{"count":4,"href":"https:\/\/dr-martins.com\/de\/wp-json\/wp\/v2\/pages\/15471\/revisions"}],"predecessor-version":[{"id":15504,"href":"https:\/\/dr-martins.com\/de\/wp-json\/wp\/v2\/pages\/15471\/revisions\/15504"}],"wp:attachment":[{"href":"https:\/\/dr-martins.com\/de\/wp-json\/wp\/v2\/media?parent=15471"}],"curies":[{"name":"wp","href":"https:\/\/api.w.org\/{rel}","templated":true}]}}