{"id":20,"date":"2015-03-27T17:45:24","date_gmt":"2015-03-27T16:45:24","guid":{"rendered":"http:\/\/dr-martins.de\/?page_id=20"},"modified":"2026-02-10T08:39:48","modified_gmt":"2026-02-10T07:39:48","slug":"home","status":"publish","type":"page","link":"https:\/\/dr-martins.com\/de\/","title":{"rendered":"Home"},"content":{"rendered":"","protected":false},"excerpt":{"rendered":"","protected":false},"author":1,"featured_media":0,"parent":0,"menu_order":0,"comment_status":"closed","ping_status":"closed","template":"template-category-page.php","meta":{"footnotes":""},"class_list":["post-20","page","type-page","status-publish","hentry"],"acf":[],"yoast_head":"<!-- This site is optimized with the Yoast SEO plugin v27.3 - https:\/\/yoast.com\/product\/yoast-seo-wordpress\/ -->\n<title>coco | kokoswasser von dr. antonio martins<\/title>\n<meta name=\"description\" content=\"100% Bio Cocossaft aus jungen Cocosn\u00fcssen: coco juice von Dr. Antonio Martins. Genie\u00dfe Kokoswasser von besonderer Qualit\u00e4t: Dr. Antonio Martins coco juice\" \/>\n<meta name=\"robots\" content=\"index, follow, max-snippet:-1, max-image-preview:large, max-video-preview:-1\" \/>\n<link rel=\"canonical\" href=\"https:\/\/dr-martins.com\/de\/\" \/>\n<meta property=\"og:locale\" content=\"de_DE\" \/>\n<meta property=\"og:type\" content=\"article\" \/>\n<meta property=\"og:title\" content=\"coco | coco von dr. antonio martins\" \/>\n<meta property=\"og:description\" content=\"100% Bio Cocossaft aus jungen Cocosn\u00fcssen: coco juice von Dr. Antonio Martins. Genie\u00dfe Kokoswasser von besonderer Qualit\u00e4t: Dr. Antonio Martins coco juice\" \/>\n<meta property=\"og:url\" content=\"https:\/\/dr-martins.com\/de\/\" \/>\n<meta property=\"og:site_name\" content=\"coco von dr. antonio martins\" \/>\n<meta property=\"article:modified_time\" content=\"2026-02-10T07:39:48+00:00\" \/>\n<meta name=\"twitter:card\" content=\"summary_large_image\" \/>\n<script type=\"application\/ld+json\" class=\"yoast-schema-graph\">{\"@context\":\"https:\\\/\\\/schema.org\",\"@graph\":[{\"@type\":\"WebPage\",\"@id\":\"https:\\\/\\\/dr-martins.com\\\/de\\\/\",\"url\":\"https:\\\/\\\/dr-martins.com\\\/de\\\/\",\"name\":\"coco | kokoswasser von dr. antonio martins\",\"isPartOf\":{\"@id\":\"https:\\\/\\\/dr-martins.com\\\/#website\"},\"datePublished\":\"2015-03-27T16:45:24+00:00\",\"dateModified\":\"2026-02-10T07:39:48+00:00\",\"description\":\"100% Bio Cocossaft aus jungen Cocosn\u00fcssen: coco juice von Dr. Antonio Martins. Genie\u00dfe Kokoswasser von besonderer Qualit\u00e4t: Dr. Antonio Martins coco juice\",\"breadcrumb\":{\"@id\":\"https:\\\/\\\/dr-martins.com\\\/de\\\/#breadcrumb\"},\"inLanguage\":\"de\",\"potentialAction\":[{\"@type\":\"ReadAction\",\"target\":[\"https:\\\/\\\/dr-martins.com\\\/de\\\/\"]}]},{\"@type\":\"BreadcrumbList\",\"@id\":\"https:\\\/\\\/dr-martins.com\\\/de\\\/#breadcrumb\",\"itemListElement\":[{\"@type\":\"ListItem\",\"position\":1,\"name\":\"Home\",\"item\":\"https:\\\/\\\/dr-martins.com\\\/de\\\/\"},{\"@type\":\"ListItem\",\"position\":2,\"name\":\"Home\"}]},{\"@type\":\"WebSite\",\"@id\":\"https:\\\/\\\/dr-martins.com\\\/#website\",\"url\":\"https:\\\/\\\/dr-martins.com\\\/\",\"name\":\"coco von dr. antonio martins\",\"description\":\"Coco Seitenuntertitel\",\"potentialAction\":[{\"@type\":\"SearchAction\",\"target\":{\"@type\":\"EntryPoint\",\"urlTemplate\":\"https:\\\/\\\/dr-martins.com\\\/?s={search_term_string}\"},\"query-input\":{\"@type\":\"PropertyValueSpecification\",\"valueRequired\":true,\"valueName\":\"search_term_string\"}}],\"inLanguage\":\"de\"}]}<\/script>\n<!-- \/ Yoast SEO plugin. -->","yoast_head_json":{"title":"coco | kokoswasser von dr. antonio martins","description":"100% Bio Cocossaft aus jungen Cocosn\u00fcssen: coco juice von Dr. Antonio Martins. Genie\u00dfe Kokoswasser von besonderer Qualit\u00e4t: Dr. Antonio Martins coco juice","robots":{"index":"index","follow":"follow","max-snippet":"max-snippet:-1","max-image-preview":"max-image-preview:large","max-video-preview":"max-video-preview:-1"},"canonical":"https:\/\/dr-martins.com\/de\/","og_locale":"de_DE","og_type":"article","og_title":"coco | coco von dr. antonio martins","og_description":"100% Bio Cocossaft aus jungen Cocosn\u00fcssen: coco juice von Dr. Antonio Martins. Genie\u00dfe Kokoswasser von besonderer Qualit\u00e4t: Dr. Antonio Martins coco juice","og_url":"https:\/\/dr-martins.com\/de\/","og_site_name":"coco von dr. antonio martins","article_modified_time":"2026-02-10T07:39:48+00:00","twitter_card":"summary_large_image","schema":{"@context":"https:\/\/schema.org","@graph":[{"@type":"WebPage","@id":"https:\/\/dr-martins.com\/de\/","url":"https:\/\/dr-martins.com\/de\/","name":"coco | kokoswasser von dr. antonio martins","isPartOf":{"@id":"https:\/\/dr-martins.com\/#website"},"datePublished":"2015-03-27T16:45:24+00:00","dateModified":"2026-02-10T07:39:48+00:00","description":"100% Bio Cocossaft aus jungen Cocosn\u00fcssen: coco juice von Dr. Antonio Martins. Genie\u00dfe Kokoswasser von besonderer Qualit\u00e4t: Dr. Antonio Martins coco juice","breadcrumb":{"@id":"https:\/\/dr-martins.com\/de\/#breadcrumb"},"inLanguage":"de","potentialAction":[{"@type":"ReadAction","target":["https:\/\/dr-martins.com\/de\/"]}]},{"@type":"BreadcrumbList","@id":"https:\/\/dr-martins.com\/de\/#breadcrumb","itemListElement":[{"@type":"ListItem","position":1,"name":"Home","item":"https:\/\/dr-martins.com\/de\/"},{"@type":"ListItem","position":2,"name":"Home"}]},{"@type":"WebSite","@id":"https:\/\/dr-martins.com\/#website","url":"https:\/\/dr-martins.com\/","name":"coco von dr. antonio martins","description":"Coco Seitenuntertitel","potentialAction":[{"@type":"SearchAction","target":{"@type":"EntryPoint","urlTemplate":"https:\/\/dr-martins.com\/?s={search_term_string}"},"query-input":{"@type":"PropertyValueSpecification","valueRequired":true,"valueName":"search_term_string"}}],"inLanguage":"de"}]}},"_links":{"self":[{"href":"https:\/\/dr-martins.com\/de\/wp-json\/wp\/v2\/pages\/20","targetHints":{"allow":["GET"]}}],"collection":[{"href":"https:\/\/dr-martins.com\/de\/wp-json\/wp\/v2\/pages"}],"about":[{"href":"https:\/\/dr-martins.com\/de\/wp-json\/wp\/v2\/types\/page"}],"author":[{"embeddable":true,"href":"https:\/\/dr-martins.com\/de\/wp-json\/wp\/v2\/users\/1"}],"replies":[{"embeddable":true,"href":"https:\/\/dr-martins.com\/de\/wp-json\/wp\/v2\/comments?post=20"}],"version-history":[{"count":41,"href":"https:\/\/dr-martins.com\/de\/wp-json\/wp\/v2\/pages\/20\/revisions"}],"predecessor-version":[{"id":15535,"href":"https:\/\/dr-martins.com\/de\/wp-json\/wp\/v2\/pages\/20\/revisions\/15535"}],"wp:attachment":[{"href":"https:\/\/dr-martins.com\/de\/wp-json\/wp\/v2\/media?parent=20"}],"curies":[{"name":"wp","href":"https:\/\/api.w.org\/{rel}","templated":true}]}}