{"id":230,"date":"2015-04-29T02:14:46","date_gmt":"2015-04-29T00:14:46","guid":{"rendered":"http:\/\/dr-martins.de\/?page_id=230"},"modified":"2024-07-24T14:51:03","modified_gmt":"2024-07-24T12:51:03","slug":"kaufen","status":"publish","type":"page","link":"https:\/\/dr-martins.com\/de\/kaufen\/","title":{"rendered":"kaufen"},"content":{"rendered":"<h1>kaufen<\/h1>\n<p><strong>Dr. Antonio Martins coco ist ein ganz besonderer Saft. Deshalb gibt es ihn auch nicht an jeder Ecke. Wir haben Gesch\u00e4fte ausgesucht, denen Bio-Qualit\u00e4t und Nachhaltigkeit wichtig sind. coco ist auf jeden Fall immer ganz in Deiner N\u00e4he \u2026<\/strong><\/p>\n","protected":false},"excerpt":{"rendered":"<p>kaufen Dr. Antonio Martins coco ist ein ganz besonderer Saft. Deshalb gibt es ihn auch nicht an jeder Ecke. Wir haben Gesch\u00e4fte ausgesucht, denen Bio-Qualit\u00e4t und Nachhaltigkeit wichtig sind. coco ist auf jeden Fall immer ganz in Deiner N\u00e4he \u2026<\/p>\n","protected":false},"author":1,"featured_media":0,"parent":0,"menu_order":0,"comment_status":"closed","ping_status":"closed","template":"template-category-page.php","meta":{"footnotes":""},"class_list":["post-230","page","type-page","status-publish","hentry"],"acf":[],"yoast_head":"<!-- This site is optimized with the Yoast SEO plugin v27.3 - https:\/\/yoast.com\/product\/yoast-seo-wordpress\/ -->\n<title>Kokoswasser kaufen | coco juice von dr. antonio martins<\/title>\n<meta name=\"description\" content=\"100% Bio Kokoswasser einfach online bestellen oder im Handel kaufen und direkt genie\u00dfen. Hier findest Du alle Bezugsquellen. Dr. Antonio Martins coco juice.\" \/>\n<meta name=\"robots\" content=\"index, follow, max-snippet:-1, max-image-preview:large, max-video-preview:-1\" \/>\n<link rel=\"canonical\" href=\"https:\/\/dr-martins.com\/de\/kaufen\/\" \/>\n<meta property=\"og:locale\" content=\"de_DE\" \/>\n<meta property=\"og:type\" content=\"article\" \/>\n<meta property=\"og:title\" content=\"Kokoswasser kaufen | coco juice von dr. antonio martins\" \/>\n<meta property=\"og:description\" content=\"100% Bio Kokoswasser einfach online bestellen oder im Handel kaufen und direkt genie\u00dfen. Hier findest Du alle Bezugsquellen. Dr. Antonio Martins coco juice.\" \/>\n<meta property=\"og:url\" content=\"https:\/\/dr-martins.com\/de\/kaufen\/\" \/>\n<meta property=\"og:site_name\" content=\"coco von dr. antonio martins\" \/>\n<meta property=\"article:modified_time\" content=\"2024-07-24T12:51:03+00:00\" \/>\n<meta name=\"twitter:card\" content=\"summary_large_image\" \/>\n<meta name=\"twitter:label1\" content=\"Gesch\u00e4tzte Lesezeit\" \/>\n\t<meta name=\"twitter:data1\" content=\"1\u00a0Minute\" \/>\n<script type=\"application\/ld+json\" class=\"yoast-schema-graph\">{\"@context\":\"https:\\\/\\\/schema.org\",\"@graph\":[{\"@type\":\"WebPage\",\"@id\":\"https:\\\/\\\/dr-martins.com\\\/de\\\/kaufen\\\/\",\"url\":\"https:\\\/\\\/dr-martins.com\\\/de\\\/kaufen\\\/\",\"name\":\"Kokoswasser kaufen | coco juice von dr. antonio martins\",\"isPartOf\":{\"@id\":\"https:\\\/\\\/dr-martins.com\\\/#website\"},\"datePublished\":\"2015-04-29T00:14:46+00:00\",\"dateModified\":\"2024-07-24T12:51:03+00:00\",\"description\":\"100% Bio Kokoswasser einfach online bestellen oder im Handel kaufen und direkt genie\u00dfen. Hier findest Du alle Bezugsquellen. Dr. Antonio Martins coco juice.\",\"breadcrumb\":{\"@id\":\"https:\\\/\\\/dr-martins.com\\\/de\\\/kaufen\\\/#breadcrumb\"},\"inLanguage\":\"de\",\"potentialAction\":[{\"@type\":\"ReadAction\",\"target\":[\"https:\\\/\\\/dr-martins.com\\\/de\\\/kaufen\\\/\"]}]},{\"@type\":\"BreadcrumbList\",\"@id\":\"https:\\\/\\\/dr-martins.com\\\/de\\\/kaufen\\\/#breadcrumb\",\"itemListElement\":[{\"@type\":\"ListItem\",\"position\":1,\"name\":\"Home\",\"item\":\"https:\\\/\\\/dr-martins.com\\\/de\\\/\"},{\"@type\":\"ListItem\",\"position\":2,\"name\":\"kaufen\"}]},{\"@type\":\"WebSite\",\"@id\":\"https:\\\/\\\/dr-martins.com\\\/#website\",\"url\":\"https:\\\/\\\/dr-martins.com\\\/\",\"name\":\"coco von dr. antonio martins\",\"description\":\"Coco Seitenuntertitel\",\"potentialAction\":[{\"@type\":\"SearchAction\",\"target\":{\"@type\":\"EntryPoint\",\"urlTemplate\":\"https:\\\/\\\/dr-martins.com\\\/?s={search_term_string}\"},\"query-input\":{\"@type\":\"PropertyValueSpecification\",\"valueRequired\":true,\"valueName\":\"search_term_string\"}}],\"inLanguage\":\"de\"}]}<\/script>\n<!-- \/ Yoast SEO plugin. -->","yoast_head_json":{"title":"Kokoswasser kaufen | coco juice von dr. antonio martins","description":"100% Bio Kokoswasser einfach online bestellen oder im Handel kaufen und direkt genie\u00dfen. Hier findest Du alle Bezugsquellen. Dr. Antonio Martins coco juice.","robots":{"index":"index","follow":"follow","max-snippet":"max-snippet:-1","max-image-preview":"max-image-preview:large","max-video-preview":"max-video-preview:-1"},"canonical":"https:\/\/dr-martins.com\/de\/kaufen\/","og_locale":"de_DE","og_type":"article","og_title":"Kokoswasser kaufen | coco juice von dr. antonio martins","og_description":"100% Bio Kokoswasser einfach online bestellen oder im Handel kaufen und direkt genie\u00dfen. Hier findest Du alle Bezugsquellen. Dr. Antonio Martins coco juice.","og_url":"https:\/\/dr-martins.com\/de\/kaufen\/","og_site_name":"coco von dr. antonio martins","article_modified_time":"2024-07-24T12:51:03+00:00","twitter_card":"summary_large_image","twitter_misc":{"Gesch\u00e4tzte Lesezeit":"1\u00a0Minute"},"schema":{"@context":"https:\/\/schema.org","@graph":[{"@type":"WebPage","@id":"https:\/\/dr-martins.com\/de\/kaufen\/","url":"https:\/\/dr-martins.com\/de\/kaufen\/","name":"Kokoswasser kaufen | coco juice von dr. antonio martins","isPartOf":{"@id":"https:\/\/dr-martins.com\/#website"},"datePublished":"2015-04-29T00:14:46+00:00","dateModified":"2024-07-24T12:51:03+00:00","description":"100% Bio Kokoswasser einfach online bestellen oder im Handel kaufen und direkt genie\u00dfen. Hier findest Du alle Bezugsquellen. Dr. Antonio Martins coco juice.","breadcrumb":{"@id":"https:\/\/dr-martins.com\/de\/kaufen\/#breadcrumb"},"inLanguage":"de","potentialAction":[{"@type":"ReadAction","target":["https:\/\/dr-martins.com\/de\/kaufen\/"]}]},{"@type":"BreadcrumbList","@id":"https:\/\/dr-martins.com\/de\/kaufen\/#breadcrumb","itemListElement":[{"@type":"ListItem","position":1,"name":"Home","item":"https:\/\/dr-martins.com\/de\/"},{"@type":"ListItem","position":2,"name":"kaufen"}]},{"@type":"WebSite","@id":"https:\/\/dr-martins.com\/#website","url":"https:\/\/dr-martins.com\/","name":"coco von dr. antonio martins","description":"Coco Seitenuntertitel","potentialAction":[{"@type":"SearchAction","target":{"@type":"EntryPoint","urlTemplate":"https:\/\/dr-martins.com\/?s={search_term_string}"},"query-input":{"@type":"PropertyValueSpecification","valueRequired":true,"valueName":"search_term_string"}}],"inLanguage":"de"}]}},"_links":{"self":[{"href":"https:\/\/dr-martins.com\/de\/wp-json\/wp\/v2\/pages\/230","targetHints":{"allow":["GET"]}}],"collection":[{"href":"https:\/\/dr-martins.com\/de\/wp-json\/wp\/v2\/pages"}],"about":[{"href":"https:\/\/dr-martins.com\/de\/wp-json\/wp\/v2\/types\/page"}],"author":[{"embeddable":true,"href":"https:\/\/dr-martins.com\/de\/wp-json\/wp\/v2\/users\/1"}],"replies":[{"embeddable":true,"href":"https:\/\/dr-martins.com\/de\/wp-json\/wp\/v2\/comments?post=230"}],"version-history":[{"count":43,"href":"https:\/\/dr-martins.com\/de\/wp-json\/wp\/v2\/pages\/230\/revisions"}],"predecessor-version":[{"id":14751,"href":"https:\/\/dr-martins.com\/de\/wp-json\/wp\/v2\/pages\/230\/revisions\/14751"}],"wp:attachment":[{"href":"https:\/\/dr-martins.com\/de\/wp-json\/wp\/v2\/media?parent=230"}],"curies":[{"name":"wp","href":"https:\/\/api.w.org\/{rel}","templated":true}]}}