{"id":262,"date":"2015-04-30T12:34:16","date_gmt":"2015-04-30T10:34:16","guid":{"rendered":"http:\/\/dr-martins.de\/?page_id=262"},"modified":"2019-05-09T14:57:16","modified_gmt":"2019-05-09T12:57:16","slug":"impressum","status":"publish","type":"page","link":"https:\/\/dr-martins.com\/de\/impressum\/","title":{"rendered":"Impressum"},"content":{"rendered":"<h1>Impressum<\/h1>\n<p>&nbsp;<\/p>\n<p>Angaben gem\u00e4\u00df \u00a7 5 TMG:<\/p>\n<p>&nbsp;<\/p>\n<p><strong>green coco europe marketing und vertriebsgesellschaft mbH<\/strong><br \/>\nKoenigstrasse 33-37<br \/>\nDE-90402 Nuernberg<\/p>\n<p>&nbsp;<\/p>\n<p>GLN 4260183210009<\/p>\n<p>Kontrolliert durch DE-\u00d6KO-007<\/p>\n<p>&nbsp;<\/p>\n<p><strong>Vertreten durch:<\/strong><\/p>\n<p>Stefan Rei\u00df<\/p>\n<p>&nbsp;<\/p>\n<p><strong>Kontakt:<\/strong><\/p>\n<table>\n<tbody>\n<tr>\n<td>Telefon:<\/td>\n<td>+49 (0) 911 580 5889 0<\/td>\n<\/tr>\n<tr>\n<td>Telefax:<\/td>\n<td>+49 (0) 911 580 5889 90<\/td>\n<\/tr>\n<tr>\n<td>E-Mail:<\/td>\n<td><a href=\"mailto:info@green-coco.com\">info@green-coco.com<\/a><\/td>\n<\/tr>\n<\/tbody>\n<\/table>\n<p>&nbsp;<\/p>\n<p><strong>Registereintrag:<\/strong><\/p>\n<p>Eintragung im Handelsregister.<br \/>\nRegistergericht: Amtsgericht N\u00fcrnberg<br \/>\nRegisternummer: HRB 24980<\/p>\n<p>&nbsp;<\/p>\n<p><strong>Umsatzsteuer-ID:<\/strong><\/p>\n<p>Umsatzsteuer-Identifikationsnummer gem\u00e4\u00df \u00a727 a Umsatzsteuergesetz:<br \/>\nDE 263432770<\/p>\n<p>&nbsp;<\/p>\n<p>&nbsp;<\/p>\n<h5>Haftungsausschluss:<\/h5>\n<p><strong>Haftung f\u00fcr Inhalte<\/strong><\/p>\n<p>Die Inhalte unserer Seiten wurden mit gr\u00f6\u00dfter Sorgfalt erstellt. F\u00fcr die Richtigkeit, Vollst\u00e4ndigkeit und Aktualit\u00e4t der Inhalte k\u00f6nnen wir jedoch keine Gew\u00e4hr \u00fcbernehmen. Als Diensteanbieter sind wir gem\u00e4\u00df \u00a7 7 Abs.1 TMG f\u00fcr eigene Inhalte auf diesen Seiten nach den allgemeinen Gesetzen verantwortlich. Nach \u00a7\u00a7 8 bis 10 TMG sind wir als Diensteanbieter jedoch nicht verpflichtet, \u00fcbermittelte oder gespeicherte fremde Informationen zu \u00fcberwachen oder nach Umst\u00e4nden zu forschen, die auf eine rechtswidrige T\u00e4tigkeit hinweisen. Verpflichtungen zur Entfernung oder Sperrung der Nutzung von Informationen nach den allgemeinen Gesetzen bleiben hiervon unber\u00fchrt. Eine diesbez\u00fcgliche Haftung ist jedoch erst ab dem Zeitpunkt der Kenntnis einer konkreten Rechtsverletzung m\u00f6glich. Bei Bekanntwerden von entsprechenden Rechtsverletzungen werden wir diese Inhalte umgehend entfernen.<\/p>\n<p>F\u00fcr alle Eintr\u00e4ge der Inhalte aus den Bereichen &#8222;cocoswasser-forschung, news und presse&#8220; \u00fcbernehmen wir keinerlei Haftung, da wir diese ausschlie\u00dflich aus fremden Quellen beziehen,&nbsp;ohne dabei eine Wertung wiederzugeben.<\/p>\n<p>&nbsp;<\/p>\n<p><strong>Haftung f\u00fcr Links<\/strong><\/p>\n<p>Unser Angebot enth\u00e4lt Links zu externen Webseiten Dritter, auf deren Inhalte wir keinen Einfluss haben. Deshalb k\u00f6nnen wir f\u00fcr diese fremden Inhalte auch keine Gew\u00e4hr \u00fcbernehmen. F\u00fcr die Inhalte der verlinkten Seiten ist stets der jeweilige Anbieter oder Betreiber der Seiten verantwortlich. Die verlinkten Seiten wurden zum Zeitpunkt der Verlinkung auf m\u00f6gliche Rechtsverst\u00f6\u00dfe \u00fcberpr\u00fcft. Rechtswidrige Inhalte waren zum Zeitpunkt der Verlinkung nicht erkennbar. Eine permanente inhaltliche Kontrolle der verlinkten Seiten ist jedoch ohne konkrete Anhaltspunkte einer Rechtsverletzung nicht zumutbar. Bei Bekanntwerden von Rechtsverletzungen werden wir derartige Links umgehend entfernen.<\/p>\n<p>&nbsp;<\/p>\n<p><strong>Urheberrecht<\/strong><\/p>\n<p>Die durch die Seitenbetreiber erstellten Inhalte und Werke auf diesen Seiten unterliegen dem deutschen Urheberrecht. Die Vervielf\u00e4ltigung, Bearbeitung, Verbreitung und jede Art der Verwertung au\u00dferhalb der Grenzen des Urheberrechtes bed\u00fcrfen der schriftlichen Zustimmung des jeweiligen Autors bzw. Erstellers. Downloads und Kopien dieser Seite sind nur f\u00fcr den privaten, nicht kommerziellen Gebrauch gestattet. Soweit die Inhalte auf dieser Seite nicht vom Betreiber erstellt wurden, werden die Urheberrechte Dritter beachtet. Insbesondere werden Inhalte Dritter als solche gekennzeichnet. Sollten Sie trotzdem auf eine Urheberrechtsverletzung aufmerksam werden, bitten wir um einen entsprechenden Hinweis. Bei Bekanntwerden von Rechtsverletzungen werden wir derartige Inhalte umgehend entfernen.<\/p>\n","protected":false},"excerpt":{"rendered":"<p>Impressum &nbsp; Angaben gem\u00e4\u00df \u00a7 5 TMG: &nbsp; green coco europe marketing und vertriebsgesellschaft mbH Koenigstrasse 33-37 DE-90402 Nuernberg &nbsp; GLN 4260183210009 Kontrolliert durch DE-\u00d6KO-007 &nbsp; Vertreten durch: Stefan Rei\u00df &nbsp; Kontakt: Telefon: +49 (0) 911 580 5889 0 Telefax: +49 (0) 911 580 5889 90 E-Mail: info@green-coco.com &nbsp; Registereintrag: Eintragung im Handelsregister. Registergericht: Amtsgericht &hellip; <a href=\"https:\/\/dr-martins.com\/de\/impressum\/\">Continued<\/a><\/p>\n","protected":false},"author":1,"featured_media":0,"parent":0,"menu_order":0,"comment_status":"closed","ping_status":"closed","template":"","meta":{"footnotes":""},"class_list":["post-262","page","type-page","status-publish","hentry"],"acf":[],"yoast_head":"<!-- This site is optimized with the Yoast SEO plugin v27.3 - https:\/\/yoast.com\/product\/yoast-seo-wordpress\/ -->\n<title>Impressum | coco von dr. antonio martins<\/title>\n<meta name=\"description\" content=\"Dr. Antonio Martins&#039; coco juice wird von der green coco europe marketing und vertriebsgesellschaft mbH vertrieben, damit du leckeres Kokoswasser bekommst.\" \/>\n<meta name=\"robots\" content=\"index, follow, max-snippet:-1, max-image-preview:large, max-video-preview:-1\" \/>\n<link rel=\"canonical\" href=\"https:\/\/dr-martins.com\/de\/impressum\/\" \/>\n<meta property=\"og:locale\" content=\"de_DE\" \/>\n<meta property=\"og:type\" content=\"article\" \/>\n<meta property=\"og:title\" content=\"Impressum | coco von dr. antonio martins\" \/>\n<meta property=\"og:description\" content=\"Dr. Antonio Martins&#039; coco juice wird von der green coco europe marketing und vertriebsgesellschaft mbH vertrieben, damit du leckeren Cocossaft in Europa genie\u00dfen kannst.\" \/>\n<meta property=\"og:url\" content=\"https:\/\/dr-martins.com\/de\/impressum\/\" \/>\n<meta property=\"og:site_name\" content=\"coco von dr. antonio martins\" \/>\n<meta property=\"article:modified_time\" content=\"2019-05-09T12:57:16+00:00\" \/>\n<meta name=\"twitter:card\" content=\"summary_large_image\" \/>\n<meta name=\"twitter:label1\" content=\"Gesch\u00e4tzte Lesezeit\" \/>\n\t<meta name=\"twitter:data1\" content=\"2\u00a0Minuten\" \/>\n<script type=\"application\/ld+json\" class=\"yoast-schema-graph\">{\"@context\":\"https:\\\/\\\/schema.org\",\"@graph\":[{\"@type\":\"WebPage\",\"@id\":\"https:\\\/\\\/dr-martins.com\\\/de\\\/impressum\\\/\",\"url\":\"https:\\\/\\\/dr-martins.com\\\/de\\\/impressum\\\/\",\"name\":\"Impressum | coco von dr. antonio martins\",\"isPartOf\":{\"@id\":\"https:\\\/\\\/dr-martins.com\\\/#website\"},\"datePublished\":\"2015-04-30T10:34:16+00:00\",\"dateModified\":\"2019-05-09T12:57:16+00:00\",\"description\":\"Dr. Antonio Martins' coco juice wird von der green coco europe marketing und vertriebsgesellschaft mbH vertrieben, damit du leckeres Kokoswasser bekommst.\",\"breadcrumb\":{\"@id\":\"https:\\\/\\\/dr-martins.com\\\/de\\\/impressum\\\/#breadcrumb\"},\"inLanguage\":\"de\",\"potentialAction\":[{\"@type\":\"ReadAction\",\"target\":[\"https:\\\/\\\/dr-martins.com\\\/de\\\/impressum\\\/\"]}]},{\"@type\":\"BreadcrumbList\",\"@id\":\"https:\\\/\\\/dr-martins.com\\\/de\\\/impressum\\\/#breadcrumb\",\"itemListElement\":[{\"@type\":\"ListItem\",\"position\":1,\"name\":\"Home\",\"item\":\"https:\\\/\\\/dr-martins.com\\\/de\\\/\"},{\"@type\":\"ListItem\",\"position\":2,\"name\":\"Impressum\"}]},{\"@type\":\"WebSite\",\"@id\":\"https:\\\/\\\/dr-martins.com\\\/#website\",\"url\":\"https:\\\/\\\/dr-martins.com\\\/\",\"name\":\"coco von dr. antonio martins\",\"description\":\"Coco Seitenuntertitel\",\"potentialAction\":[{\"@type\":\"SearchAction\",\"target\":{\"@type\":\"EntryPoint\",\"urlTemplate\":\"https:\\\/\\\/dr-martins.com\\\/?s={search_term_string}\"},\"query-input\":{\"@type\":\"PropertyValueSpecification\",\"valueRequired\":true,\"valueName\":\"search_term_string\"}}],\"inLanguage\":\"de\"}]}<\/script>\n<!-- \/ Yoast SEO plugin. -->","yoast_head_json":{"title":"Impressum | coco von dr. antonio martins","description":"Dr. Antonio Martins' coco juice wird von der green coco europe marketing und vertriebsgesellschaft mbH vertrieben, damit du leckeres Kokoswasser bekommst.","robots":{"index":"index","follow":"follow","max-snippet":"max-snippet:-1","max-image-preview":"max-image-preview:large","max-video-preview":"max-video-preview:-1"},"canonical":"https:\/\/dr-martins.com\/de\/impressum\/","og_locale":"de_DE","og_type":"article","og_title":"Impressum | coco von dr. antonio martins","og_description":"Dr. Antonio Martins' coco juice wird von der green coco europe marketing und vertriebsgesellschaft mbH vertrieben, damit du leckeren Cocossaft in Europa genie\u00dfen kannst.","og_url":"https:\/\/dr-martins.com\/de\/impressum\/","og_site_name":"coco von dr. antonio martins","article_modified_time":"2019-05-09T12:57:16+00:00","twitter_card":"summary_large_image","twitter_misc":{"Gesch\u00e4tzte Lesezeit":"2\u00a0Minuten"},"schema":{"@context":"https:\/\/schema.org","@graph":[{"@type":"WebPage","@id":"https:\/\/dr-martins.com\/de\/impressum\/","url":"https:\/\/dr-martins.com\/de\/impressum\/","name":"Impressum | coco von dr. antonio martins","isPartOf":{"@id":"https:\/\/dr-martins.com\/#website"},"datePublished":"2015-04-30T10:34:16+00:00","dateModified":"2019-05-09T12:57:16+00:00","description":"Dr. Antonio Martins' coco juice wird von der green coco europe marketing und vertriebsgesellschaft mbH vertrieben, damit du leckeres Kokoswasser bekommst.","breadcrumb":{"@id":"https:\/\/dr-martins.com\/de\/impressum\/#breadcrumb"},"inLanguage":"de","potentialAction":[{"@type":"ReadAction","target":["https:\/\/dr-martins.com\/de\/impressum\/"]}]},{"@type":"BreadcrumbList","@id":"https:\/\/dr-martins.com\/de\/impressum\/#breadcrumb","itemListElement":[{"@type":"ListItem","position":1,"name":"Home","item":"https:\/\/dr-martins.com\/de\/"},{"@type":"ListItem","position":2,"name":"Impressum"}]},{"@type":"WebSite","@id":"https:\/\/dr-martins.com\/#website","url":"https:\/\/dr-martins.com\/","name":"coco von dr. antonio martins","description":"Coco Seitenuntertitel","potentialAction":[{"@type":"SearchAction","target":{"@type":"EntryPoint","urlTemplate":"https:\/\/dr-martins.com\/?s={search_term_string}"},"query-input":{"@type":"PropertyValueSpecification","valueRequired":true,"valueName":"search_term_string"}}],"inLanguage":"de"}]}},"_links":{"self":[{"href":"https:\/\/dr-martins.com\/de\/wp-json\/wp\/v2\/pages\/262","targetHints":{"allow":["GET"]}}],"collection":[{"href":"https:\/\/dr-martins.com\/de\/wp-json\/wp\/v2\/pages"}],"about":[{"href":"https:\/\/dr-martins.com\/de\/wp-json\/wp\/v2\/types\/page"}],"author":[{"embeddable":true,"href":"https:\/\/dr-martins.com\/de\/wp-json\/wp\/v2\/users\/1"}],"replies":[{"embeddable":true,"href":"https:\/\/dr-martins.com\/de\/wp-json\/wp\/v2\/comments?post=262"}],"version-history":[{"count":12,"href":"https:\/\/dr-martins.com\/de\/wp-json\/wp\/v2\/pages\/262\/revisions"}],"predecessor-version":[{"id":8161,"href":"https:\/\/dr-martins.com\/de\/wp-json\/wp\/v2\/pages\/262\/revisions\/8161"}],"wp:attachment":[{"href":"https:\/\/dr-martins.com\/de\/wp-json\/wp\/v2\/media?parent=262"}],"curies":[{"name":"wp","href":"https:\/\/api.w.org\/{rel}","templated":true}]}}