{"id":428,"date":"2015-05-10T15:52:43","date_gmt":"2015-05-10T13:52:43","guid":{"rendered":"http:\/\/dr-martins.de\/?page_id=428"},"modified":"2026-01-20T16:12:24","modified_gmt":"2026-01-20T15:12:24","slug":"company","status":"publish","type":"page","link":"https:\/\/dr-martins.com\/de\/company\/","title":{"rendered":"Company"},"content":{"rendered":"<h1>das unternehmen<\/h1>\n<p><strong>Die wenigsten Dinge fallen einfach so vom Himmel.<\/strong> <strong>Wer ein besonders gutes Produkt haben will, muss etwas unternehmen.<\/strong> <strong>Deshalb gibt\u2018s auch f\u00fcr Dr. Antonio Martins coco eine richtige Firma. <\/strong><strong>Aber mit Menschen drin, die ihre F\u00fc\u00dfe auf dem Boden haben \u2026<\/strong><\/p>\n<p>&nbsp;<\/p>\n<h3>green coco europe GmbH<\/h3>\n<p>Wenn Du Dr. Antonio Martins coco trinkst, wirst Du \u00fcber kurz oder lang \u00fcber eine Firma stolpern:<br \/>\ndie green coco europe GmbH. Das ist einfach das Unternehmen, das Dr. Antonio Martins zusammen mit Freunden und erfahrenen Spezialisten aus der Getr\u00e4nke- und Biobranche gegr\u00fcndet hat, um coco \u00fcberall auf der Welt zu Menschen wie Dir zu bringen.<\/p>\n<p>Wir setzen auf Transparenz, Nachhaltigkeit und kleine Strukturen. In der N\u00fcrnberger Altstadt arbeiten wir mit Leidenschaft daran, die Idee von Dr. Martins zu verwirklichen: hochwertige Bio-Produkte aus fairem Handel, die nat\u00fcrlich gut tun \u2013 f\u00fcr Dich und die Welt.<\/p>\n<p>&nbsp;<\/p>\n<h3>Wir machen Dein Dr. Antonio Martins coco<\/h3>\n<p>Ein Team von Mitarbeiterinnen und Mitarbeitern unter der F\u00fchrung von Stefan Rei\u00df arbeitet hier mit sehr viel Herzblut, damit Dr. Antonio Martins coco vom Ernteland bis ins Regal Deines Lieblingsgesch\u00e4fts kommen kann.<\/p>\n<p>green coco ist ein offenes Unternehmen. Wenn Du Fragen hast oder vielleicht sogar mitarbeiten willst, dass Dr. Antonio Martins coco weiter erfolgreich ist, kannst Du uns jederzeit gerne ansprechen.<\/p>\n<p><a class=\"big_link\" href=\"https:\/\/dr-martins.com\/de\/kontakt\/\">sprich uns an \u2026<\/a><\/p>\n","protected":false},"excerpt":{"rendered":"<p>das unternehmen Die wenigsten Dinge fallen einfach so vom Himmel. Wer ein besonders gutes Produkt haben will, muss etwas unternehmen. Deshalb gibt\u2018s auch f\u00fcr Dr. Antonio Martins coco eine richtige Firma. Aber mit Menschen drin, die ihre F\u00fc\u00dfe auf dem Boden haben \u2026 &nbsp; green coco europe GmbH Wenn Du Dr. Antonio Martins coco trinkst, &hellip; <a href=\"https:\/\/dr-martins.com\/de\/company\/\">Continued<\/a><\/p>\n","protected":false},"author":1,"featured_media":0,"parent":0,"menu_order":0,"comment_status":"closed","ping_status":"closed","template":"template-team-page.php","meta":{"footnotes":""},"class_list":["post-428","page","type-page","status-publish","hentry"],"acf":[],"yoast_head":"<!-- This site is optimized with the Yoast SEO plugin v27.3 - https:\/\/yoast.com\/product\/yoast-seo-wordpress\/ -->\n<title>green coco | coco von dr. antonio martins<\/title>\n<meta name=\"description\" content=\"Das Team hinter coco juice ist die green coco europe marketing und vertriebsgesellschaft mbH. Sie bringen das leckere Kokoswasser zu dir nach Hause.\" \/>\n<meta name=\"robots\" content=\"index, follow, max-snippet:-1, max-image-preview:large, max-video-preview:-1\" \/>\n<link rel=\"canonical\" href=\"https:\/\/dr-martins.com\/de\/company\/\" \/>\n<meta property=\"og:locale\" content=\"de_DE\" \/>\n<meta property=\"og:type\" content=\"article\" \/>\n<meta property=\"og:title\" content=\"green coco | coco von dr. antonio martins\" \/>\n<meta property=\"og:description\" content=\"Das Team hinter coco juice ist die green coco europe marketing und vertriebsgesellschaft mbH. Sie bringen den leckeren Saft zu dir nach Hause und zwar gern.\" \/>\n<meta property=\"og:url\" content=\"https:\/\/dr-martins.com\/de\/company\/\" \/>\n<meta property=\"og:site_name\" content=\"coco von dr. antonio martins\" \/>\n<meta property=\"article:modified_time\" content=\"2026-01-20T15:12:24+00:00\" \/>\n<meta name=\"twitter:card\" content=\"summary_large_image\" \/>\n<meta name=\"twitter:label1\" content=\"Gesch\u00e4tzte Lesezeit\" \/>\n\t<meta name=\"twitter:data1\" content=\"2\u00a0Minuten\" \/>\n<script type=\"application\/ld+json\" class=\"yoast-schema-graph\">{\"@context\":\"https:\\\/\\\/schema.org\",\"@graph\":[{\"@type\":\"WebPage\",\"@id\":\"https:\\\/\\\/dr-martins.com\\\/de\\\/company\\\/\",\"url\":\"https:\\\/\\\/dr-martins.com\\\/de\\\/company\\\/\",\"name\":\"green coco | coco von dr. antonio martins\",\"isPartOf\":{\"@id\":\"https:\\\/\\\/dr-martins.com\\\/#website\"},\"datePublished\":\"2015-05-10T13:52:43+00:00\",\"dateModified\":\"2026-01-20T15:12:24+00:00\",\"description\":\"Das Team hinter coco juice ist die green coco europe marketing und vertriebsgesellschaft mbH. Sie bringen das leckere Kokoswasser zu dir nach Hause.\",\"breadcrumb\":{\"@id\":\"https:\\\/\\\/dr-martins.com\\\/de\\\/company\\\/#breadcrumb\"},\"inLanguage\":\"de\",\"potentialAction\":[{\"@type\":\"ReadAction\",\"target\":[\"https:\\\/\\\/dr-martins.com\\\/de\\\/company\\\/\"]}]},{\"@type\":\"BreadcrumbList\",\"@id\":\"https:\\\/\\\/dr-martins.com\\\/de\\\/company\\\/#breadcrumb\",\"itemListElement\":[{\"@type\":\"ListItem\",\"position\":1,\"name\":\"Home\",\"item\":\"https:\\\/\\\/dr-martins.com\\\/de\\\/\"},{\"@type\":\"ListItem\",\"position\":2,\"name\":\"Company\"}]},{\"@type\":\"WebSite\",\"@id\":\"https:\\\/\\\/dr-martins.com\\\/#website\",\"url\":\"https:\\\/\\\/dr-martins.com\\\/\",\"name\":\"coco von dr. antonio martins\",\"description\":\"Coco Seitenuntertitel\",\"potentialAction\":[{\"@type\":\"SearchAction\",\"target\":{\"@type\":\"EntryPoint\",\"urlTemplate\":\"https:\\\/\\\/dr-martins.com\\\/?s={search_term_string}\"},\"query-input\":{\"@type\":\"PropertyValueSpecification\",\"valueRequired\":true,\"valueName\":\"search_term_string\"}}],\"inLanguage\":\"de\"}]}<\/script>\n<!-- \/ Yoast SEO plugin. -->","yoast_head_json":{"title":"green coco | coco von dr. antonio martins","description":"Das Team hinter coco juice ist die green coco europe marketing und vertriebsgesellschaft mbH. Sie bringen das leckere Kokoswasser zu dir nach Hause.","robots":{"index":"index","follow":"follow","max-snippet":"max-snippet:-1","max-image-preview":"max-image-preview:large","max-video-preview":"max-video-preview:-1"},"canonical":"https:\/\/dr-martins.com\/de\/company\/","og_locale":"de_DE","og_type":"article","og_title":"green coco | coco von dr. antonio martins","og_description":"Das Team hinter coco juice ist die green coco europe marketing und vertriebsgesellschaft mbH. Sie bringen den leckeren Saft zu dir nach Hause und zwar gern.","og_url":"https:\/\/dr-martins.com\/de\/company\/","og_site_name":"coco von dr. antonio martins","article_modified_time":"2026-01-20T15:12:24+00:00","twitter_card":"summary_large_image","twitter_misc":{"Gesch\u00e4tzte Lesezeit":"2\u00a0Minuten"},"schema":{"@context":"https:\/\/schema.org","@graph":[{"@type":"WebPage","@id":"https:\/\/dr-martins.com\/de\/company\/","url":"https:\/\/dr-martins.com\/de\/company\/","name":"green coco | coco von dr. antonio martins","isPartOf":{"@id":"https:\/\/dr-martins.com\/#website"},"datePublished":"2015-05-10T13:52:43+00:00","dateModified":"2026-01-20T15:12:24+00:00","description":"Das Team hinter coco juice ist die green coco europe marketing und vertriebsgesellschaft mbH. Sie bringen das leckere Kokoswasser zu dir nach Hause.","breadcrumb":{"@id":"https:\/\/dr-martins.com\/de\/company\/#breadcrumb"},"inLanguage":"de","potentialAction":[{"@type":"ReadAction","target":["https:\/\/dr-martins.com\/de\/company\/"]}]},{"@type":"BreadcrumbList","@id":"https:\/\/dr-martins.com\/de\/company\/#breadcrumb","itemListElement":[{"@type":"ListItem","position":1,"name":"Home","item":"https:\/\/dr-martins.com\/de\/"},{"@type":"ListItem","position":2,"name":"Company"}]},{"@type":"WebSite","@id":"https:\/\/dr-martins.com\/#website","url":"https:\/\/dr-martins.com\/","name":"coco von dr. antonio martins","description":"Coco Seitenuntertitel","potentialAction":[{"@type":"SearchAction","target":{"@type":"EntryPoint","urlTemplate":"https:\/\/dr-martins.com\/?s={search_term_string}"},"query-input":{"@type":"PropertyValueSpecification","valueRequired":true,"valueName":"search_term_string"}}],"inLanguage":"de"}]}},"_links":{"self":[{"href":"https:\/\/dr-martins.com\/de\/wp-json\/wp\/v2\/pages\/428","targetHints":{"allow":["GET"]}}],"collection":[{"href":"https:\/\/dr-martins.com\/de\/wp-json\/wp\/v2\/pages"}],"about":[{"href":"https:\/\/dr-martins.com\/de\/wp-json\/wp\/v2\/types\/page"}],"author":[{"embeddable":true,"href":"https:\/\/dr-martins.com\/de\/wp-json\/wp\/v2\/users\/1"}],"replies":[{"embeddable":true,"href":"https:\/\/dr-martins.com\/de\/wp-json\/wp\/v2\/comments?post=428"}],"version-history":[{"count":127,"href":"https:\/\/dr-martins.com\/de\/wp-json\/wp\/v2\/pages\/428\/revisions"}],"predecessor-version":[{"id":15459,"href":"https:\/\/dr-martins.com\/de\/wp-json\/wp\/v2\/pages\/428\/revisions\/15459"}],"wp:attachment":[{"href":"https:\/\/dr-martins.com\/de\/wp-json\/wp\/v2\/media?parent=428"}],"curies":[{"name":"wp","href":"https:\/\/api.w.org\/{rel}","templated":true}]}}