{"id":4671,"date":"2018-01-17T15:04:44","date_gmt":"2018-01-17T14:04:44","guid":{"rendered":"http:\/\/dr-martins.com\/de\/?page_id=4671"},"modified":"2026-02-17T21:08:28","modified_gmt":"2026-02-17T20:08:28","slug":"presse-2","status":"publish","type":"page","link":"https:\/\/dr-martins.com\/de\/presse-2\/","title":{"rendered":"Presse"},"content":{"rendered":"<h1>presse<\/h1>\n<p>&nbsp;<\/p>\n<p><strong>Willcocommen auf unserer Coco-Presseseite!<\/strong><\/p>\n<p>&nbsp;<\/p>\n<p>Hier finden Sie aktuelle News rund um Dr. Antonio Martins, die Green Coco Europe GmbH und unsere cocok\u00f6stlichen Saft-Innovationen!<\/p>\n<p>Sie wollen mehr wissen \u00fcber unseren Coco-Cosmos?<\/p>\n<p>Sie planen einen Artikel \u00fcber die Cocosnuss und brauchen Hintergrundinfos?<\/p>\n<p>Sie ben\u00f6tigen Fotos und Produktabbildungen?<\/p>\n<p>Sie sind Blogger und m\u00f6chten mit uns zusammenarbeiten?<\/p>\n<p>&nbsp;<\/p>\n<div class=\"col-sm-9\" style=\"padding-left: 0;\">\n<p><strong>Dann kontaktieren Sie gerne:<\/strong><\/p>\n<p>Alexa Holzapfel<\/p>\n<p>PR &amp; Social Media<\/p>\n<p>Tel.: 0911\/58058890<\/p>\n<p><a href=\"mailto:pr@green-coco.com\">pr@green-coco.com<\/a><\/p>\n<h3>Downloads<\/h3>\n<p><a class=\"btn btn-default\" href=\"https:\/\/dr-martins.com\/wp-content\/uploads\/2026\/02\/Unternehmensportrait_Green_Coco_BioFach_final.pdf\" target=\"_blank\" rel=\"noopener\">Unternehmensprofil (pdf)<\/a><a class=\"btn btn-default\" href=\"https:\/\/dr-martins.com\/de\/aktuellemeldungeninnovationen\/\" target=\"_blank\" rel=\"noopener\">Produktinformationen<\/a><a class=\"btn btn-default\" href=\"https:\/\/dr-martins.com\/wp-content\/uploads\/2026\/02\/Factsheet_green_coco.pdf\" target=\"_blank\" rel=\"noopener\">Factsheet (pdf)<\/a><a class=\"btn btn-default\" href=\"https:\/\/dr-martins.com\/wp-content\/uploads\/2026\/02\/Logos_Bilder.zip\" target=\"_blank\" rel=\"noopener\">Bildmaterial (zip-File)<\/a><\/p>\n<div class=\"col-sm-9\">\n<p>&nbsp;<\/p>\n<\/div>\n<div class=\"col-sm-7\">\n<p>&nbsp;<\/p>\n<\/div>\n<\/div>\n","protected":false},"excerpt":{"rendered":"<p>presse &nbsp; Willcocommen auf unserer Coco-Presseseite! &nbsp; Hier finden Sie aktuelle News rund um Dr. Antonio Martins, die Green Coco Europe GmbH und unsere cocok\u00f6stlichen Saft-Innovationen! Sie wollen mehr wissen \u00fcber unseren Coco-Cosmos? Sie planen einen Artikel \u00fcber die Cocosnuss und brauchen Hintergrundinfos? Sie ben\u00f6tigen Fotos und Produktabbildungen? Sie sind Blogger und m\u00f6chten mit uns &hellip; <a href=\"https:\/\/dr-martins.com\/de\/presse-2\/\">Continued<\/a><\/p>\n","protected":false},"author":11,"featured_media":0,"parent":0,"menu_order":0,"comment_status":"closed","ping_status":"closed","template":"","meta":{"footnotes":""},"class_list":["post-4671","page","type-page","status-publish","hentry"],"acf":[],"yoast_head":"<!-- This site is optimized with the Yoast SEO plugin v27.3 - https:\/\/yoast.com\/product\/yoast-seo-wordpress\/ -->\n<title>Presse - coco von dr. antonio martins<\/title>\n<meta name=\"robots\" content=\"index, follow, max-snippet:-1, max-image-preview:large, max-video-preview:-1\" \/>\n<link rel=\"canonical\" href=\"https:\/\/dr-martins.com\/de\/presse-2\/\" \/>\n<meta property=\"og:locale\" content=\"de_DE\" \/>\n<meta property=\"og:type\" content=\"article\" \/>\n<meta property=\"og:title\" content=\"Presse - coco von dr. antonio martins\" \/>\n<meta property=\"og:description\" content=\"presse &nbsp; Willcocommen auf unserer Coco-Presseseite! &nbsp; Hier finden Sie aktuelle News rund um Dr. Antonio Martins, die Green Coco Europe GmbH und unsere cocok\u00f6stlichen Saft-Innovationen! Sie wollen mehr wissen \u00fcber unseren Coco-Cosmos? Sie planen einen Artikel \u00fcber die Cocosnuss und brauchen Hintergrundinfos? Sie ben\u00f6tigen Fotos und Produktabbildungen? Sie sind Blogger und m\u00f6chten mit uns &hellip; Continued\" \/>\n<meta property=\"og:url\" content=\"https:\/\/dr-martins.com\/de\/presse-2\/\" \/>\n<meta property=\"og:site_name\" content=\"coco von dr. antonio martins\" \/>\n<meta property=\"article:modified_time\" content=\"2026-02-17T20:08:28+00:00\" \/>\n<meta name=\"twitter:card\" content=\"summary_large_image\" \/>\n<meta name=\"twitter:label1\" content=\"Gesch\u00e4tzte Lesezeit\" \/>\n\t<meta name=\"twitter:data1\" content=\"1\u00a0Minute\" \/>\n<script type=\"application\/ld+json\" class=\"yoast-schema-graph\">{\"@context\":\"https:\\\/\\\/schema.org\",\"@graph\":[{\"@type\":\"WebPage\",\"@id\":\"https:\\\/\\\/dr-martins.com\\\/de\\\/presse-2\\\/\",\"url\":\"https:\\\/\\\/dr-martins.com\\\/de\\\/presse-2\\\/\",\"name\":\"Presse - coco von dr. antonio martins\",\"isPartOf\":{\"@id\":\"https:\\\/\\\/dr-martins.com\\\/#website\"},\"datePublished\":\"2018-01-17T14:04:44+00:00\",\"dateModified\":\"2026-02-17T20:08:28+00:00\",\"breadcrumb\":{\"@id\":\"https:\\\/\\\/dr-martins.com\\\/de\\\/presse-2\\\/#breadcrumb\"},\"inLanguage\":\"de\",\"potentialAction\":[{\"@type\":\"ReadAction\",\"target\":[\"https:\\\/\\\/dr-martins.com\\\/de\\\/presse-2\\\/\"]}]},{\"@type\":\"BreadcrumbList\",\"@id\":\"https:\\\/\\\/dr-martins.com\\\/de\\\/presse-2\\\/#breadcrumb\",\"itemListElement\":[{\"@type\":\"ListItem\",\"position\":1,\"name\":\"Home\",\"item\":\"https:\\\/\\\/dr-martins.com\\\/de\\\/\"},{\"@type\":\"ListItem\",\"position\":2,\"name\":\"Presse\"}]},{\"@type\":\"WebSite\",\"@id\":\"https:\\\/\\\/dr-martins.com\\\/#website\",\"url\":\"https:\\\/\\\/dr-martins.com\\\/\",\"name\":\"coco von dr. antonio martins\",\"description\":\"Coco Seitenuntertitel\",\"potentialAction\":[{\"@type\":\"SearchAction\",\"target\":{\"@type\":\"EntryPoint\",\"urlTemplate\":\"https:\\\/\\\/dr-martins.com\\\/?s={search_term_string}\"},\"query-input\":{\"@type\":\"PropertyValueSpecification\",\"valueRequired\":true,\"valueName\":\"search_term_string\"}}],\"inLanguage\":\"de\"}]}<\/script>\n<!-- \/ Yoast SEO plugin. -->","yoast_head_json":{"title":"Presse - coco von dr. antonio martins","robots":{"index":"index","follow":"follow","max-snippet":"max-snippet:-1","max-image-preview":"max-image-preview:large","max-video-preview":"max-video-preview:-1"},"canonical":"https:\/\/dr-martins.com\/de\/presse-2\/","og_locale":"de_DE","og_type":"article","og_title":"Presse - coco von dr. antonio martins","og_description":"presse &nbsp; Willcocommen auf unserer Coco-Presseseite! &nbsp; Hier finden Sie aktuelle News rund um Dr. Antonio Martins, die Green Coco Europe GmbH und unsere cocok\u00f6stlichen Saft-Innovationen! Sie wollen mehr wissen \u00fcber unseren Coco-Cosmos? Sie planen einen Artikel \u00fcber die Cocosnuss und brauchen Hintergrundinfos? Sie ben\u00f6tigen Fotos und Produktabbildungen? Sie sind Blogger und m\u00f6chten mit uns &hellip; Continued","og_url":"https:\/\/dr-martins.com\/de\/presse-2\/","og_site_name":"coco von dr. antonio martins","article_modified_time":"2026-02-17T20:08:28+00:00","twitter_card":"summary_large_image","twitter_misc":{"Gesch\u00e4tzte Lesezeit":"1\u00a0Minute"},"schema":{"@context":"https:\/\/schema.org","@graph":[{"@type":"WebPage","@id":"https:\/\/dr-martins.com\/de\/presse-2\/","url":"https:\/\/dr-martins.com\/de\/presse-2\/","name":"Presse - coco von dr. antonio martins","isPartOf":{"@id":"https:\/\/dr-martins.com\/#website"},"datePublished":"2018-01-17T14:04:44+00:00","dateModified":"2026-02-17T20:08:28+00:00","breadcrumb":{"@id":"https:\/\/dr-martins.com\/de\/presse-2\/#breadcrumb"},"inLanguage":"de","potentialAction":[{"@type":"ReadAction","target":["https:\/\/dr-martins.com\/de\/presse-2\/"]}]},{"@type":"BreadcrumbList","@id":"https:\/\/dr-martins.com\/de\/presse-2\/#breadcrumb","itemListElement":[{"@type":"ListItem","position":1,"name":"Home","item":"https:\/\/dr-martins.com\/de\/"},{"@type":"ListItem","position":2,"name":"Presse"}]},{"@type":"WebSite","@id":"https:\/\/dr-martins.com\/#website","url":"https:\/\/dr-martins.com\/","name":"coco von dr. antonio martins","description":"Coco Seitenuntertitel","potentialAction":[{"@type":"SearchAction","target":{"@type":"EntryPoint","urlTemplate":"https:\/\/dr-martins.com\/?s={search_term_string}"},"query-input":{"@type":"PropertyValueSpecification","valueRequired":true,"valueName":"search_term_string"}}],"inLanguage":"de"}]}},"_links":{"self":[{"href":"https:\/\/dr-martins.com\/de\/wp-json\/wp\/v2\/pages\/4671","targetHints":{"allow":["GET"]}}],"collection":[{"href":"https:\/\/dr-martins.com\/de\/wp-json\/wp\/v2\/pages"}],"about":[{"href":"https:\/\/dr-martins.com\/de\/wp-json\/wp\/v2\/types\/page"}],"author":[{"embeddable":true,"href":"https:\/\/dr-martins.com\/de\/wp-json\/wp\/v2\/users\/11"}],"replies":[{"embeddable":true,"href":"https:\/\/dr-martins.com\/de\/wp-json\/wp\/v2\/comments?post=4671"}],"version-history":[{"count":29,"href":"https:\/\/dr-martins.com\/de\/wp-json\/wp\/v2\/pages\/4671\/revisions"}],"predecessor-version":[{"id":15578,"href":"https:\/\/dr-martins.com\/de\/wp-json\/wp\/v2\/pages\/4671\/revisions\/15578"}],"wp:attachment":[{"href":"https:\/\/dr-martins.com\/de\/wp-json\/wp\/v2\/media?parent=4671"}],"curies":[{"name":"wp","href":"https:\/\/api.w.org\/{rel}","templated":true}]}}