{"id":715,"date":"2015-05-25T21:55:42","date_gmt":"2015-05-22T23:23:54","guid":{"rendered":"http:\/\/dr-martins.de\/kontakt-2\/"},"modified":"2025-02-17T14:35:36","modified_gmt":"2025-02-17T13:35:36","slug":"vertriebskontakt","status":"publish","type":"page","link":"https:\/\/dr-martins.com\/de\/vertriebskontakt\/","title":{"rendered":"vertriebskontakt"},"content":{"rendered":"<h1>vertriebskontakt<\/h1>\n<p><strong>Dr. Antonio Martins coco ist ein begehrtes Produkt.<\/strong> <strong>Schreiben Sie uns, wenn Sie coco gerne verkaufen wollen. <\/strong><strong>Als Eink\u00e4ufer im Gro\u00df-, Einzel- und Online-Handel;<\/strong> <strong>in der Gastronomie, in Sportst\u00e4tten, usw. \u2026<\/strong><\/p>\n","protected":false},"excerpt":{"rendered":"<p>vertriebskontakt Dr. Antonio Martins coco ist ein begehrtes Produkt. Schreiben Sie uns, wenn Sie coco gerne verkaufen wollen. Als Eink\u00e4ufer im Gro\u00df-, Einzel- und Online-Handel; in der Gastronomie, in Sportst\u00e4tten, usw. \u2026<\/p>\n","protected":false},"author":1,"featured_media":0,"parent":0,"menu_order":0,"comment_status":"closed","ping_status":"closed","template":"template-contact-page.php","meta":{"footnotes":""},"class_list":["post-715","page","type-page","status-publish","hentry"],"acf":[],"yoast_head":"<!-- This site is optimized with the Yoast SEO plugin v27.3 - https:\/\/yoast.com\/product\/yoast-seo-wordpress\/ -->\n<title>vertriebskontakt | coco von dr. antonio martins<\/title>\n<meta name=\"description\" content=\"Ihr Kontakt f\u00fcr H\u00e4ndler und Unternehme: green coco europe GmbH. Sie m\u00f6chten coco juice vertreiben? Hier finden Sie die passenden Kontaktdaten dazu.\" \/>\n<meta name=\"robots\" content=\"index, follow, max-snippet:-1, max-image-preview:large, max-video-preview:-1\" \/>\n<link rel=\"canonical\" href=\"https:\/\/dr-martins.com\/de\/vertriebskontakt\/\" \/>\n<meta property=\"og:locale\" content=\"de_DE\" \/>\n<meta property=\"og:type\" content=\"article\" \/>\n<meta property=\"og:title\" content=\"vertriebskontakt | coco von dr. antonio martins\" \/>\n<meta property=\"og:description\" content=\"Ihr Kontakt f\u00fcr H\u00e4ndler und Unternehme: green coco europe GmbH. Sie m\u00f6chten coco juice vertreiben? Hier finden Sie die passenden Kontaktdaten dazu.\" \/>\n<meta property=\"og:url\" content=\"https:\/\/dr-martins.com\/de\/vertriebskontakt\/\" \/>\n<meta property=\"og:site_name\" content=\"coco von dr. antonio martins\" \/>\n<meta property=\"article:modified_time\" content=\"2025-02-17T13:35:36+00:00\" \/>\n<meta name=\"twitter:card\" content=\"summary_large_image\" \/>\n<meta name=\"twitter:label1\" content=\"Gesch\u00e4tzte Lesezeit\" \/>\n\t<meta name=\"twitter:data1\" content=\"1\u00a0Minute\" \/>\n<script type=\"application\/ld+json\" class=\"yoast-schema-graph\">{\"@context\":\"https:\\\/\\\/schema.org\",\"@graph\":[{\"@type\":\"WebPage\",\"@id\":\"https:\\\/\\\/dr-martins.com\\\/de\\\/vertriebskontakt\\\/\",\"url\":\"https:\\\/\\\/dr-martins.com\\\/de\\\/vertriebskontakt\\\/\",\"name\":\"vertriebskontakt | coco von dr. antonio martins\",\"isPartOf\":{\"@id\":\"https:\\\/\\\/dr-martins.com\\\/#website\"},\"datePublished\":\"2015-05-22T23:23:54+00:00\",\"dateModified\":\"2025-02-17T13:35:36+00:00\",\"description\":\"Ihr Kontakt f\u00fcr H\u00e4ndler und Unternehme: green coco europe GmbH. Sie m\u00f6chten coco juice vertreiben? Hier finden Sie die passenden Kontaktdaten dazu.\",\"breadcrumb\":{\"@id\":\"https:\\\/\\\/dr-martins.com\\\/de\\\/vertriebskontakt\\\/#breadcrumb\"},\"inLanguage\":\"de\",\"potentialAction\":[{\"@type\":\"ReadAction\",\"target\":[\"https:\\\/\\\/dr-martins.com\\\/de\\\/vertriebskontakt\\\/\"]}]},{\"@type\":\"BreadcrumbList\",\"@id\":\"https:\\\/\\\/dr-martins.com\\\/de\\\/vertriebskontakt\\\/#breadcrumb\",\"itemListElement\":[{\"@type\":\"ListItem\",\"position\":1,\"name\":\"Home\",\"item\":\"https:\\\/\\\/dr-martins.com\\\/de\\\/\"},{\"@type\":\"ListItem\",\"position\":2,\"name\":\"vertriebskontakt\"}]},{\"@type\":\"WebSite\",\"@id\":\"https:\\\/\\\/dr-martins.com\\\/#website\",\"url\":\"https:\\\/\\\/dr-martins.com\\\/\",\"name\":\"coco von dr. antonio martins\",\"description\":\"Coco Seitenuntertitel\",\"potentialAction\":[{\"@type\":\"SearchAction\",\"target\":{\"@type\":\"EntryPoint\",\"urlTemplate\":\"https:\\\/\\\/dr-martins.com\\\/?s={search_term_string}\"},\"query-input\":{\"@type\":\"PropertyValueSpecification\",\"valueRequired\":true,\"valueName\":\"search_term_string\"}}],\"inLanguage\":\"de\"}]}<\/script>\n<!-- \/ Yoast SEO plugin. -->","yoast_head_json":{"title":"vertriebskontakt | coco von dr. antonio martins","description":"Ihr Kontakt f\u00fcr H\u00e4ndler und Unternehme: green coco europe GmbH. Sie m\u00f6chten coco juice vertreiben? Hier finden Sie die passenden Kontaktdaten dazu.","robots":{"index":"index","follow":"follow","max-snippet":"max-snippet:-1","max-image-preview":"max-image-preview:large","max-video-preview":"max-video-preview:-1"},"canonical":"https:\/\/dr-martins.com\/de\/vertriebskontakt\/","og_locale":"de_DE","og_type":"article","og_title":"vertriebskontakt | coco von dr. antonio martins","og_description":"Ihr Kontakt f\u00fcr H\u00e4ndler und Unternehme: green coco europe GmbH. Sie m\u00f6chten coco juice vertreiben? Hier finden Sie die passenden Kontaktdaten dazu.","og_url":"https:\/\/dr-martins.com\/de\/vertriebskontakt\/","og_site_name":"coco von dr. antonio martins","article_modified_time":"2025-02-17T13:35:36+00:00","twitter_card":"summary_large_image","twitter_misc":{"Gesch\u00e4tzte Lesezeit":"1\u00a0Minute"},"schema":{"@context":"https:\/\/schema.org","@graph":[{"@type":"WebPage","@id":"https:\/\/dr-martins.com\/de\/vertriebskontakt\/","url":"https:\/\/dr-martins.com\/de\/vertriebskontakt\/","name":"vertriebskontakt | coco von dr. antonio martins","isPartOf":{"@id":"https:\/\/dr-martins.com\/#website"},"datePublished":"2015-05-22T23:23:54+00:00","dateModified":"2025-02-17T13:35:36+00:00","description":"Ihr Kontakt f\u00fcr H\u00e4ndler und Unternehme: green coco europe GmbH. Sie m\u00f6chten coco juice vertreiben? Hier finden Sie die passenden Kontaktdaten dazu.","breadcrumb":{"@id":"https:\/\/dr-martins.com\/de\/vertriebskontakt\/#breadcrumb"},"inLanguage":"de","potentialAction":[{"@type":"ReadAction","target":["https:\/\/dr-martins.com\/de\/vertriebskontakt\/"]}]},{"@type":"BreadcrumbList","@id":"https:\/\/dr-martins.com\/de\/vertriebskontakt\/#breadcrumb","itemListElement":[{"@type":"ListItem","position":1,"name":"Home","item":"https:\/\/dr-martins.com\/de\/"},{"@type":"ListItem","position":2,"name":"vertriebskontakt"}]},{"@type":"WebSite","@id":"https:\/\/dr-martins.com\/#website","url":"https:\/\/dr-martins.com\/","name":"coco von dr. antonio martins","description":"Coco Seitenuntertitel","potentialAction":[{"@type":"SearchAction","target":{"@type":"EntryPoint","urlTemplate":"https:\/\/dr-martins.com\/?s={search_term_string}"},"query-input":{"@type":"PropertyValueSpecification","valueRequired":true,"valueName":"search_term_string"}}],"inLanguage":"de"}]}},"_links":{"self":[{"href":"https:\/\/dr-martins.com\/de\/wp-json\/wp\/v2\/pages\/715","targetHints":{"allow":["GET"]}}],"collection":[{"href":"https:\/\/dr-martins.com\/de\/wp-json\/wp\/v2\/pages"}],"about":[{"href":"https:\/\/dr-martins.com\/de\/wp-json\/wp\/v2\/types\/page"}],"author":[{"embeddable":true,"href":"https:\/\/dr-martins.com\/de\/wp-json\/wp\/v2\/users\/1"}],"replies":[{"embeddable":true,"href":"https:\/\/dr-martins.com\/de\/wp-json\/wp\/v2\/comments?post=715"}],"version-history":[{"count":87,"href":"https:\/\/dr-martins.com\/de\/wp-json\/wp\/v2\/pages\/715\/revisions"}],"predecessor-version":[{"id":14843,"href":"https:\/\/dr-martins.com\/de\/wp-json\/wp\/v2\/pages\/715\/revisions\/14843"}],"wp:attachment":[{"href":"https:\/\/dr-martins.com\/de\/wp-json\/wp\/v2\/media?parent=715"}],"curies":[{"name":"wp","href":"https:\/\/api.w.org\/{rel}","templated":true}]}}