{"id":2759,"date":"2015-10-14T10:35:22","date_gmt":"2015-10-14T08:35:22","guid":{"rendered":"http:\/\/dr-martins.com\/nl\/coco-tipps-2\/"},"modified":"2015-10-20T12:07:04","modified_gmt":"2015-10-20T10:07:04","slug":"coco-tipps","status":"publish","type":"page","link":"https:\/\/dr-martins.com\/fr\/coco-tipps\/","title":{"rendered":"coco tipps"},"content":{"rendered":"<h1>Devenir un connaisseur de coco<\/h1>\n<p>C&rsquo;est incroyable ce que l&rsquo;on peut amasser comme savoir sur les noix de coco.<br \/>\nLa plupart des gens pensent \u00e0 un fruit marron recouvert de nombreuses fibres ligneuses que l&rsquo;on ne peut pas ouvrir car il est aussi dur qu&rsquo;un caillou.<br \/>\nConsulte tout simplement nos astuces concernant la noix de coco &#8211; et bient\u00f4t, tu en sauras beaucoup plus sur ce fruit &#8230;<\/p>\n","protected":false},"excerpt":{"rendered":"<p>Devenir un connaisseur de coco C&rsquo;est incroyable ce que l&rsquo;on peut amasser comme savoir sur les noix de coco. La plupart des gens pensent \u00e0 un fruit marron recouvert de nombreuses fibres ligneuses que l&rsquo;on ne peut pas ouvrir car il est aussi dur qu&rsquo;un caillou. Consulte tout simplement nos astuces concernant la noix de &hellip; <a href=\"https:\/\/dr-martins.com\/fr\/coco-tipps\/\">Continued<\/a><\/p>\n","protected":false},"author":1,"featured_media":0,"parent":0,"menu_order":0,"comment_status":"closed","ping_status":"closed","template":"template-tip-page.php","meta":{"footnotes":""},"class_list":["post-2759","page","type-page","status-publish","hentry"],"acf":[],"yoast_head":"<!-- This site is optimized with the Yoast SEO plugin v27.3 - https:\/\/yoast.com\/product\/yoast-seo-wordpress\/ -->\n<title>les astuces coco | coco du Dr Antonio Martins<\/title>\n<meta name=\"description\" content=\"Consulte les astuces relatives \u00e0 la noix de coco et d\u00e9couvre de nombreux faits int\u00e9ressants autour du jus de coco, du cocotier et bien plus encore. Jus de coco du Dr Antonio Martins.\" \/>\n<meta name=\"robots\" content=\"index, follow, max-snippet:-1, max-image-preview:large, max-video-preview:-1\" \/>\n<link rel=\"canonical\" href=\"https:\/\/dr-martins.com\/fr\/coco-tipps\/\" \/>\n<meta property=\"og:locale\" content=\"fr_FR\" \/>\n<meta property=\"og:type\" content=\"article\" \/>\n<meta property=\"og:title\" content=\"les astuces coco | coco du Dr Antonio Martins\" \/>\n<meta property=\"og:description\" content=\"Consulte les astuces relatives \u00e0 la noix de coco et d\u00e9couvre de nombreux faits int\u00e9ressants autour du jus de coco, du cocotier et bien plus encore. Jus de coco du Dr Antonio Martins.\" \/>\n<meta property=\"og:url\" content=\"https:\/\/dr-martins.com\/fr\/coco-tipps\/\" \/>\n<meta property=\"og:site_name\" content=\"coco von dr. antonio martins\" \/>\n<meta property=\"article:modified_time\" content=\"2015-10-20T10:07:04+00:00\" \/>\n<meta property=\"og:image\" content=\"https:\/\/dr-martins.com\/wp-content\/uploads\/2015\/06\/sport-e1438689412446.png\" \/>\n\t<meta property=\"og:image:width\" content=\"400\" \/>\n\t<meta property=\"og:image:height\" content=\"412\" \/>\n\t<meta property=\"og:image:type\" content=\"image\/png\" \/>\n<meta name=\"twitter:card\" content=\"summary_large_image\" \/>\n<script type=\"application\/ld+json\" class=\"yoast-schema-graph\">{\"@context\":\"https:\\\/\\\/schema.org\",\"@graph\":[{\"@type\":\"WebPage\",\"@id\":\"https:\\\/\\\/dr-martins.com\\\/fr\\\/coco-tipps\\\/\",\"url\":\"https:\\\/\\\/dr-martins.com\\\/fr\\\/coco-tipps\\\/\",\"name\":\"les astuces coco | coco du Dr Antonio Martins\",\"isPartOf\":{\"@id\":\"https:\\\/\\\/dr-martins.com\\\/#website\"},\"datePublished\":\"2015-10-14T08:35:22+00:00\",\"dateModified\":\"2015-10-20T10:07:04+00:00\",\"description\":\"Consulte les astuces relatives \u00e0 la noix de coco et d\u00e9couvre de nombreux faits int\u00e9ressants autour du jus de coco, du cocotier et bien plus encore. Jus de coco du Dr Antonio Martins.\",\"breadcrumb\":{\"@id\":\"https:\\\/\\\/dr-martins.com\\\/fr\\\/coco-tipps\\\/#breadcrumb\"},\"inLanguage\":\"fr-FR\",\"potentialAction\":[{\"@type\":\"ReadAction\",\"target\":[\"https:\\\/\\\/dr-martins.com\\\/fr\\\/coco-tipps\\\/\"]}]},{\"@type\":\"BreadcrumbList\",\"@id\":\"https:\\\/\\\/dr-martins.com\\\/fr\\\/coco-tipps\\\/#breadcrumb\",\"itemListElement\":[{\"@type\":\"ListItem\",\"position\":1,\"name\":\"Home\",\"item\":\"https:\\\/\\\/dr-martins.com\\\/fr\\\/\"},{\"@type\":\"ListItem\",\"position\":2,\"name\":\"coco tipps\"}]},{\"@type\":\"WebSite\",\"@id\":\"https:\\\/\\\/dr-martins.com\\\/#website\",\"url\":\"https:\\\/\\\/dr-martins.com\\\/\",\"name\":\"coco von dr. antonio martins\",\"description\":\"Coco Seitenuntertitel\",\"potentialAction\":[{\"@type\":\"SearchAction\",\"target\":{\"@type\":\"EntryPoint\",\"urlTemplate\":\"https:\\\/\\\/dr-martins.com\\\/?s={search_term_string}\"},\"query-input\":{\"@type\":\"PropertyValueSpecification\",\"valueRequired\":true,\"valueName\":\"search_term_string\"}}],\"inLanguage\":\"fr-FR\"}]}<\/script>\n<!-- \/ Yoast SEO plugin. -->","yoast_head_json":{"title":"les astuces coco | coco du Dr Antonio Martins","description":"Consulte les astuces relatives \u00e0 la noix de coco et d\u00e9couvre de nombreux faits int\u00e9ressants autour du jus de coco, du cocotier et bien plus encore. Jus de coco du Dr Antonio Martins.","robots":{"index":"index","follow":"follow","max-snippet":"max-snippet:-1","max-image-preview":"max-image-preview:large","max-video-preview":"max-video-preview:-1"},"canonical":"https:\/\/dr-martins.com\/fr\/coco-tipps\/","og_locale":"fr_FR","og_type":"article","og_title":"les astuces coco | coco du Dr Antonio Martins","og_description":"Consulte les astuces relatives \u00e0 la noix de coco et d\u00e9couvre de nombreux faits int\u00e9ressants autour du jus de coco, du cocotier et bien plus encore. Jus de coco du Dr Antonio Martins.","og_url":"https:\/\/dr-martins.com\/fr\/coco-tipps\/","og_site_name":"coco von dr. antonio martins","article_modified_time":"2015-10-20T10:07:04+00:00","og_image":[{"width":400,"height":412,"url":"https:\/\/dr-martins.com\/wp-content\/uploads\/2015\/06\/sport-e1438689412446.png","type":"image\/png"}],"twitter_card":"summary_large_image","schema":{"@context":"https:\/\/schema.org","@graph":[{"@type":"WebPage","@id":"https:\/\/dr-martins.com\/fr\/coco-tipps\/","url":"https:\/\/dr-martins.com\/fr\/coco-tipps\/","name":"les astuces coco | coco du Dr Antonio Martins","isPartOf":{"@id":"https:\/\/dr-martins.com\/#website"},"datePublished":"2015-10-14T08:35:22+00:00","dateModified":"2015-10-20T10:07:04+00:00","description":"Consulte les astuces relatives \u00e0 la noix de coco et d\u00e9couvre de nombreux faits int\u00e9ressants autour du jus de coco, du cocotier et bien plus encore. Jus de coco du Dr Antonio Martins.","breadcrumb":{"@id":"https:\/\/dr-martins.com\/fr\/coco-tipps\/#breadcrumb"},"inLanguage":"fr-FR","potentialAction":[{"@type":"ReadAction","target":["https:\/\/dr-martins.com\/fr\/coco-tipps\/"]}]},{"@type":"BreadcrumbList","@id":"https:\/\/dr-martins.com\/fr\/coco-tipps\/#breadcrumb","itemListElement":[{"@type":"ListItem","position":1,"name":"Home","item":"https:\/\/dr-martins.com\/fr\/"},{"@type":"ListItem","position":2,"name":"coco tipps"}]},{"@type":"WebSite","@id":"https:\/\/dr-martins.com\/#website","url":"https:\/\/dr-martins.com\/","name":"coco von dr. antonio martins","description":"Coco Seitenuntertitel","potentialAction":[{"@type":"SearchAction","target":{"@type":"EntryPoint","urlTemplate":"https:\/\/dr-martins.com\/?s={search_term_string}"},"query-input":{"@type":"PropertyValueSpecification","valueRequired":true,"valueName":"search_term_string"}}],"inLanguage":"fr-FR"}]}},"_links":{"self":[{"href":"https:\/\/dr-martins.com\/fr\/wp-json\/wp\/v2\/pages\/2759","targetHints":{"allow":["GET"]}}],"collection":[{"href":"https:\/\/dr-martins.com\/fr\/wp-json\/wp\/v2\/pages"}],"about":[{"href":"https:\/\/dr-martins.com\/fr\/wp-json\/wp\/v2\/types\/page"}],"author":[{"embeddable":true,"href":"https:\/\/dr-martins.com\/fr\/wp-json\/wp\/v2\/users\/1"}],"replies":[{"embeddable":true,"href":"https:\/\/dr-martins.com\/fr\/wp-json\/wp\/v2\/comments?post=2759"}],"version-history":[{"count":4,"href":"https:\/\/dr-martins.com\/fr\/wp-json\/wp\/v2\/pages\/2759\/revisions"}],"predecessor-version":[{"id":2898,"href":"https:\/\/dr-martins.com\/fr\/wp-json\/wp\/v2\/pages\/2759\/revisions\/2898"}],"wp:attachment":[{"href":"https:\/\/dr-martins.com\/fr\/wp-json\/wp\/v2\/media?parent=2759"}],"curies":[{"name":"wp","href":"https:\/\/api.w.org\/{rel}","templated":true}]}}