{"id":2770,"date":"2015-10-14T14:58:01","date_gmt":"2015-10-14T12:58:01","guid":{"rendered":"http:\/\/dr-martins.com\/de\/cocossaft-2\/"},"modified":"2015-10-20T12:07:37","modified_gmt":"2015-10-20T10:07:37","slug":"jus-de-coco","status":"publish","type":"page","link":"https:\/\/dr-martins.com\/fr\/jus-de-coco\/","title":{"rendered":"jus de coco (cocossaft)"},"content":{"rendered":"","protected":false},"excerpt":{"rendered":"","protected":false},"author":1,"featured_media":0,"parent":0,"menu_order":0,"comment_status":"closed","ping_status":"closed","template":"template-category-page.php","meta":{"footnotes":""},"class_list":["post-2770","page","type-page","status-publish","hentry"],"acf":[],"yoast_head":"<!-- This site is optimized with the Yoast SEO plugin v27.3 - https:\/\/yoast.com\/product\/yoast-seo-wordpress\/ -->\n<title>Jus de coco bio | coco du Dr Antonio Martins<\/title>\n<meta name=\"description\" content=\"Le jus de coco, appel\u00e9 \u00e9galement eau de coco, est le liquide clair et savoureux contenu dans la jeune noix de coco. D\u00e9couvre des d\u00e9tails importants concernant la noix de coco, son go\u00fbt et ses bienfaits.\" \/>\n<meta name=\"robots\" content=\"index, follow, max-snippet:-1, max-image-preview:large, max-video-preview:-1\" \/>\n<link rel=\"canonical\" href=\"https:\/\/dr-martins.com\/fr\/jus-de-coco\/\" \/>\n<meta property=\"og:locale\" content=\"fr_FR\" \/>\n<meta property=\"og:type\" content=\"article\" \/>\n<meta property=\"og:title\" content=\"Jus de coco bio | coco du Dr Antonio Martins\" \/>\n<meta property=\"og:description\" content=\"Le jus de coco, appel\u00e9 \u00e9galement eau de coco, est le liquide clair et savoureux contenu dans la jeune noix de coco. D\u00e9couvre des d\u00e9tails importants concernant la noix de coco, son go\u00fbt et ses bienfaits.\" \/>\n<meta property=\"og:url\" content=\"https:\/\/dr-martins.com\/fr\/jus-de-coco\/\" \/>\n<meta property=\"og:site_name\" content=\"coco von dr. antonio martins\" \/>\n<meta property=\"article:modified_time\" content=\"2015-10-20T10:07:37+00:00\" \/>\n<meta name=\"twitter:card\" content=\"summary_large_image\" \/>\n<script type=\"application\/ld+json\" class=\"yoast-schema-graph\">{\"@context\":\"https:\\\/\\\/schema.org\",\"@graph\":[{\"@type\":\"WebPage\",\"@id\":\"https:\\\/\\\/dr-martins.com\\\/fr\\\/jus-de-coco\\\/\",\"url\":\"https:\\\/\\\/dr-martins.com\\\/fr\\\/jus-de-coco\\\/\",\"name\":\"Jus de coco bio | coco du Dr Antonio Martins\",\"isPartOf\":{\"@id\":\"https:\\\/\\\/dr-martins.com\\\/#website\"},\"datePublished\":\"2015-10-14T12:58:01+00:00\",\"dateModified\":\"2015-10-20T10:07:37+00:00\",\"description\":\"Le jus de coco, appel\u00e9 \u00e9galement eau de coco, est le liquide clair et savoureux contenu dans la jeune noix de coco. D\u00e9couvre des d\u00e9tails importants concernant la noix de coco, son go\u00fbt et ses bienfaits.\",\"breadcrumb\":{\"@id\":\"https:\\\/\\\/dr-martins.com\\\/fr\\\/jus-de-coco\\\/#breadcrumb\"},\"inLanguage\":\"fr-FR\",\"potentialAction\":[{\"@type\":\"ReadAction\",\"target\":[\"https:\\\/\\\/dr-martins.com\\\/fr\\\/jus-de-coco\\\/\"]}]},{\"@type\":\"BreadcrumbList\",\"@id\":\"https:\\\/\\\/dr-martins.com\\\/fr\\\/jus-de-coco\\\/#breadcrumb\",\"itemListElement\":[{\"@type\":\"ListItem\",\"position\":1,\"name\":\"Home\",\"item\":\"https:\\\/\\\/dr-martins.com\\\/fr\\\/\"},{\"@type\":\"ListItem\",\"position\":2,\"name\":\"jus de coco (cocossaft)\"}]},{\"@type\":\"WebSite\",\"@id\":\"https:\\\/\\\/dr-martins.com\\\/#website\",\"url\":\"https:\\\/\\\/dr-martins.com\\\/\",\"name\":\"coco von dr. antonio martins\",\"description\":\"Coco Seitenuntertitel\",\"potentialAction\":[{\"@type\":\"SearchAction\",\"target\":{\"@type\":\"EntryPoint\",\"urlTemplate\":\"https:\\\/\\\/dr-martins.com\\\/?s={search_term_string}\"},\"query-input\":{\"@type\":\"PropertyValueSpecification\",\"valueRequired\":true,\"valueName\":\"search_term_string\"}}],\"inLanguage\":\"fr-FR\"}]}<\/script>\n<!-- \/ Yoast SEO plugin. -->","yoast_head_json":{"title":"Jus de coco bio | coco du Dr Antonio Martins","description":"Le jus de coco, appel\u00e9 \u00e9galement eau de coco, est le liquide clair et savoureux contenu dans la jeune noix de coco. D\u00e9couvre des d\u00e9tails importants concernant la noix de coco, son go\u00fbt et ses bienfaits.","robots":{"index":"index","follow":"follow","max-snippet":"max-snippet:-1","max-image-preview":"max-image-preview:large","max-video-preview":"max-video-preview:-1"},"canonical":"https:\/\/dr-martins.com\/fr\/jus-de-coco\/","og_locale":"fr_FR","og_type":"article","og_title":"Jus de coco bio | coco du Dr Antonio Martins","og_description":"Le jus de coco, appel\u00e9 \u00e9galement eau de coco, est le liquide clair et savoureux contenu dans la jeune noix de coco. D\u00e9couvre des d\u00e9tails importants concernant la noix de coco, son go\u00fbt et ses bienfaits.","og_url":"https:\/\/dr-martins.com\/fr\/jus-de-coco\/","og_site_name":"coco von dr. antonio martins","article_modified_time":"2015-10-20T10:07:37+00:00","twitter_card":"summary_large_image","schema":{"@context":"https:\/\/schema.org","@graph":[{"@type":"WebPage","@id":"https:\/\/dr-martins.com\/fr\/jus-de-coco\/","url":"https:\/\/dr-martins.com\/fr\/jus-de-coco\/","name":"Jus de coco bio | coco du Dr Antonio Martins","isPartOf":{"@id":"https:\/\/dr-martins.com\/#website"},"datePublished":"2015-10-14T12:58:01+00:00","dateModified":"2015-10-20T10:07:37+00:00","description":"Le jus de coco, appel\u00e9 \u00e9galement eau de coco, est le liquide clair et savoureux contenu dans la jeune noix de coco. D\u00e9couvre des d\u00e9tails importants concernant la noix de coco, son go\u00fbt et ses bienfaits.","breadcrumb":{"@id":"https:\/\/dr-martins.com\/fr\/jus-de-coco\/#breadcrumb"},"inLanguage":"fr-FR","potentialAction":[{"@type":"ReadAction","target":["https:\/\/dr-martins.com\/fr\/jus-de-coco\/"]}]},{"@type":"BreadcrumbList","@id":"https:\/\/dr-martins.com\/fr\/jus-de-coco\/#breadcrumb","itemListElement":[{"@type":"ListItem","position":1,"name":"Home","item":"https:\/\/dr-martins.com\/fr\/"},{"@type":"ListItem","position":2,"name":"jus de coco (cocossaft)"}]},{"@type":"WebSite","@id":"https:\/\/dr-martins.com\/#website","url":"https:\/\/dr-martins.com\/","name":"coco von dr. antonio martins","description":"Coco Seitenuntertitel","potentialAction":[{"@type":"SearchAction","target":{"@type":"EntryPoint","urlTemplate":"https:\/\/dr-martins.com\/?s={search_term_string}"},"query-input":{"@type":"PropertyValueSpecification","valueRequired":true,"valueName":"search_term_string"}}],"inLanguage":"fr-FR"}]}},"_links":{"self":[{"href":"https:\/\/dr-martins.com\/fr\/wp-json\/wp\/v2\/pages\/2770","targetHints":{"allow":["GET"]}}],"collection":[{"href":"https:\/\/dr-martins.com\/fr\/wp-json\/wp\/v2\/pages"}],"about":[{"href":"https:\/\/dr-martins.com\/fr\/wp-json\/wp\/v2\/types\/page"}],"author":[{"embeddable":true,"href":"https:\/\/dr-martins.com\/fr\/wp-json\/wp\/v2\/users\/1"}],"replies":[{"embeddable":true,"href":"https:\/\/dr-martins.com\/fr\/wp-json\/wp\/v2\/comments?post=2770"}],"version-history":[{"count":3,"href":"https:\/\/dr-martins.com\/fr\/wp-json\/wp\/v2\/pages\/2770\/revisions"}],"predecessor-version":[{"id":2773,"href":"https:\/\/dr-martins.com\/fr\/wp-json\/wp\/v2\/pages\/2770\/revisions\/2773"}],"wp:attachment":[{"href":"https:\/\/dr-martins.com\/fr\/wp-json\/wp\/v2\/media?parent=2770"}],"curies":[{"name":"wp","href":"https:\/\/api.w.org\/{rel}","templated":true}]}}