{"id":2774,"date":"2015-10-14T15:05:14","date_gmt":"2015-10-14T13:05:14","guid":{"rendered":"http:\/\/dr-martins.com\/de\/company-2\/"},"modified":"2026-01-20T16:29:31","modified_gmt":"2026-01-20T15:29:31","slug":"entreprise","status":"publish","type":"page","link":"https:\/\/dr-martins.com\/fr\/entreprise\/","title":{"rendered":"l&rsquo;entreprise"},"content":{"rendered":"<h1>L&rsquo;entreprise<\/h1>\n<p><strong>Peu de choses tombent tout simplement du ciel. Qui veut proposer un produit particuli\u00e8rement bon doit tout d&rsquo;abord travailler \u00e0 l&rsquo;obtenir. C&rsquo;est pourquoi il existe une v\u00e9ritable entreprise \u00e0 la base de la boisson de coco du Dr Antonio. Une avec des gens qui y travaillent et qui gardent bien les pieds sur terre \u2026<br \/>\n<\/strong><\/p>\n<p>&nbsp;<\/p>\n<h3>green coco europe GmbH<\/h3>\n<p>Si tu bois la boisson de coco du Dr Antonio Martins, tu entendras parler t\u00f4t ou tard de l&rsquo;entreprise<br \/>\ngreen coco europe GmbH. Celle-ci est tout simplement l&rsquo;entreprise que le Dr Antonio Martins a fond\u00e9e avec des amis et des sp\u00e9cialistes du secteur des boissons et de l&rsquo;alimentation biologique, afin de pouvoir offrir dans le monde entier sa boisson de coco \u00e0 des gens comme toi.<\/p>\n<p>Nous misons sur la transparence, la durabilit\u00e9 et les petites structures. Dans la vieille ville de Nuremberg, nous travaillons avec passion \u00e0 la r\u00e9alisation de l&rsquo;id\u00e9e de Dr. Martins : des produits bio de haute qualit\u00e9 issus du commerce \u00e9quitable, qui font naturellement du bien &#8211; \u00e0 toi et au monde.<\/p>\n<p>&nbsp;<\/p>\n<h3>Nous produisons ta boisson de coco du Dr Antonio Martins<\/h3>\n<p>Stefan Rei\u00df dirige une \u00e9quipe compos\u00e9e de collaborateurs et collaboratrices qui se donnent corps et \u00e2me \u00e0 leur travail afin que la boisson de coco du Dr Antonio Martins puisse \u00eatre livr\u00e9e sans probl\u00e8me dans ton magasin pr\u00e9f\u00e9r\u00e9.<\/p>\n<p>green coco est une entreprise qui fait preuve d&rsquo;ouverture d&rsquo;esprit. Si tu as des questions ou si tu veux rejoindre notre \u00e9quipe afin de contribuer \u00e0 la r\u00e9ussite de la boisson de coco du Dr Antonio Martins, n&rsquo;h\u00e9site pas \u00e0 nous contacter \u00e0 tout moment.<\/p>\n<p><a class=\"big_link\" href=\"\/fr\/contact\/\">Contacte-nous &#8230;<\/a><\/p>\n","protected":false},"excerpt":{"rendered":"<p>L&rsquo;entreprise Peu de choses tombent tout simplement du ciel. Qui veut proposer un produit particuli\u00e8rement bon doit tout d&rsquo;abord travailler \u00e0 l&rsquo;obtenir. C&rsquo;est pourquoi il existe une v\u00e9ritable entreprise \u00e0 la base de la boisson de coco du Dr Antonio. Une avec des gens qui y travaillent et qui gardent bien les pieds sur terre &hellip; <a href=\"https:\/\/dr-martins.com\/fr\/entreprise\/\">Continued<\/a><\/p>\n","protected":false},"author":1,"featured_media":0,"parent":0,"menu_order":0,"comment_status":"closed","ping_status":"closed","template":"template-team-page.php","meta":{"footnotes":""},"class_list":["post-2774","page","type-page","status-publish","hentry"],"acf":[],"yoast_head":"<!-- This site is optimized with the Yoast SEO plugin v27.3 - https:\/\/yoast.com\/product\/yoast-seo-wordpress\/ -->\n<title>green coco |Boisson de coco du Dr Antonio Martins<\/title>\n<meta name=\"description\" content=\"L&#039;\u00e9quipe qui se trouve \u00e0 la base du jus de coco est celle de l&#039;entreprise green coco europe, une soci\u00e9t\u00e9 \u00e0 responsabilit\u00e9 limit\u00e9e de commercialisation et de vente. C&#039;est elle qui contribue avec plaisir \u00e0 apporter ce jus savoureux sur ta table.\" \/>\n<meta name=\"robots\" content=\"index, follow, max-snippet:-1, max-image-preview:large, max-video-preview:-1\" \/>\n<link rel=\"canonical\" href=\"https:\/\/dr-martins.com\/fr\/entreprise\/\" \/>\n<meta property=\"og:locale\" content=\"fr_FR\" \/>\n<meta property=\"og:type\" content=\"article\" \/>\n<meta property=\"og:title\" content=\"green coco |Boisson de coco du Dr Antonio Martins\" \/>\n<meta property=\"og:description\" content=\"L&#039;\u00e9quipe qui se trouve \u00e0 la base du jus de coco est celle de l&#039;entreprise green coco europe, une soci\u00e9t\u00e9 \u00e0 responsabilit\u00e9 limit\u00e9e de commercialisation et de vente. C&#039;est elle qui contribue avec plaisir \u00e0 apporter ce jus savoureux sur ta table.\" \/>\n<meta property=\"og:url\" content=\"https:\/\/dr-martins.com\/fr\/entreprise\/\" \/>\n<meta property=\"og:site_name\" content=\"coco von dr. antonio martins\" \/>\n<meta property=\"article:modified_time\" content=\"2026-01-20T15:29:31+00:00\" \/>\n<meta name=\"twitter:card\" content=\"summary_large_image\" \/>\n<meta name=\"twitter:label1\" content=\"Dur\u00e9e de lecture estim\u00e9e\" \/>\n\t<meta name=\"twitter:data1\" content=\"2 minutes\" \/>\n<script type=\"application\/ld+json\" class=\"yoast-schema-graph\">{\"@context\":\"https:\\\/\\\/schema.org\",\"@graph\":[{\"@type\":\"WebPage\",\"@id\":\"https:\\\/\\\/dr-martins.com\\\/fr\\\/entreprise\\\/\",\"url\":\"https:\\\/\\\/dr-martins.com\\\/fr\\\/entreprise\\\/\",\"name\":\"green coco |Boisson de coco du Dr Antonio Martins\",\"isPartOf\":{\"@id\":\"https:\\\/\\\/dr-martins.com\\\/#website\"},\"datePublished\":\"2015-10-14T13:05:14+00:00\",\"dateModified\":\"2026-01-20T15:29:31+00:00\",\"description\":\"L'\u00e9quipe qui se trouve \u00e0 la base du jus de coco est celle de l'entreprise green coco europe, une soci\u00e9t\u00e9 \u00e0 responsabilit\u00e9 limit\u00e9e de commercialisation et de vente. C'est elle qui contribue avec plaisir \u00e0 apporter ce jus savoureux sur ta table.\",\"breadcrumb\":{\"@id\":\"https:\\\/\\\/dr-martins.com\\\/fr\\\/entreprise\\\/#breadcrumb\"},\"inLanguage\":\"fr-FR\",\"potentialAction\":[{\"@type\":\"ReadAction\",\"target\":[\"https:\\\/\\\/dr-martins.com\\\/fr\\\/entreprise\\\/\"]}]},{\"@type\":\"BreadcrumbList\",\"@id\":\"https:\\\/\\\/dr-martins.com\\\/fr\\\/entreprise\\\/#breadcrumb\",\"itemListElement\":[{\"@type\":\"ListItem\",\"position\":1,\"name\":\"Home\",\"item\":\"https:\\\/\\\/dr-martins.com\\\/fr\\\/\"},{\"@type\":\"ListItem\",\"position\":2,\"name\":\"l&#8217;entreprise\"}]},{\"@type\":\"WebSite\",\"@id\":\"https:\\\/\\\/dr-martins.com\\\/#website\",\"url\":\"https:\\\/\\\/dr-martins.com\\\/\",\"name\":\"coco von dr. antonio martins\",\"description\":\"Coco Seitenuntertitel\",\"potentialAction\":[{\"@type\":\"SearchAction\",\"target\":{\"@type\":\"EntryPoint\",\"urlTemplate\":\"https:\\\/\\\/dr-martins.com\\\/?s={search_term_string}\"},\"query-input\":{\"@type\":\"PropertyValueSpecification\",\"valueRequired\":true,\"valueName\":\"search_term_string\"}}],\"inLanguage\":\"fr-FR\"}]}<\/script>\n<!-- \/ Yoast SEO plugin. -->","yoast_head_json":{"title":"green coco |Boisson de coco du Dr Antonio Martins","description":"L'\u00e9quipe qui se trouve \u00e0 la base du jus de coco est celle de l'entreprise green coco europe, une soci\u00e9t\u00e9 \u00e0 responsabilit\u00e9 limit\u00e9e de commercialisation et de vente. C'est elle qui contribue avec plaisir \u00e0 apporter ce jus savoureux sur ta table.","robots":{"index":"index","follow":"follow","max-snippet":"max-snippet:-1","max-image-preview":"max-image-preview:large","max-video-preview":"max-video-preview:-1"},"canonical":"https:\/\/dr-martins.com\/fr\/entreprise\/","og_locale":"fr_FR","og_type":"article","og_title":"green coco |Boisson de coco du Dr Antonio Martins","og_description":"L'\u00e9quipe qui se trouve \u00e0 la base du jus de coco est celle de l'entreprise green coco europe, une soci\u00e9t\u00e9 \u00e0 responsabilit\u00e9 limit\u00e9e de commercialisation et de vente. C'est elle qui contribue avec plaisir \u00e0 apporter ce jus savoureux sur ta table.","og_url":"https:\/\/dr-martins.com\/fr\/entreprise\/","og_site_name":"coco von dr. antonio martins","article_modified_time":"2026-01-20T15:29:31+00:00","twitter_card":"summary_large_image","twitter_misc":{"Dur\u00e9e de lecture estim\u00e9e":"2 minutes"},"schema":{"@context":"https:\/\/schema.org","@graph":[{"@type":"WebPage","@id":"https:\/\/dr-martins.com\/fr\/entreprise\/","url":"https:\/\/dr-martins.com\/fr\/entreprise\/","name":"green coco |Boisson de coco du Dr Antonio Martins","isPartOf":{"@id":"https:\/\/dr-martins.com\/#website"},"datePublished":"2015-10-14T13:05:14+00:00","dateModified":"2026-01-20T15:29:31+00:00","description":"L'\u00e9quipe qui se trouve \u00e0 la base du jus de coco est celle de l'entreprise green coco europe, une soci\u00e9t\u00e9 \u00e0 responsabilit\u00e9 limit\u00e9e de commercialisation et de vente. C'est elle qui contribue avec plaisir \u00e0 apporter ce jus savoureux sur ta table.","breadcrumb":{"@id":"https:\/\/dr-martins.com\/fr\/entreprise\/#breadcrumb"},"inLanguage":"fr-FR","potentialAction":[{"@type":"ReadAction","target":["https:\/\/dr-martins.com\/fr\/entreprise\/"]}]},{"@type":"BreadcrumbList","@id":"https:\/\/dr-martins.com\/fr\/entreprise\/#breadcrumb","itemListElement":[{"@type":"ListItem","position":1,"name":"Home","item":"https:\/\/dr-martins.com\/fr\/"},{"@type":"ListItem","position":2,"name":"l&#8217;entreprise"}]},{"@type":"WebSite","@id":"https:\/\/dr-martins.com\/#website","url":"https:\/\/dr-martins.com\/","name":"coco von dr. antonio martins","description":"Coco Seitenuntertitel","potentialAction":[{"@type":"SearchAction","target":{"@type":"EntryPoint","urlTemplate":"https:\/\/dr-martins.com\/?s={search_term_string}"},"query-input":{"@type":"PropertyValueSpecification","valueRequired":true,"valueName":"search_term_string"}}],"inLanguage":"fr-FR"}]}},"_links":{"self":[{"href":"https:\/\/dr-martins.com\/fr\/wp-json\/wp\/v2\/pages\/2774","targetHints":{"allow":["GET"]}}],"collection":[{"href":"https:\/\/dr-martins.com\/fr\/wp-json\/wp\/v2\/pages"}],"about":[{"href":"https:\/\/dr-martins.com\/fr\/wp-json\/wp\/v2\/types\/page"}],"author":[{"embeddable":true,"href":"https:\/\/dr-martins.com\/fr\/wp-json\/wp\/v2\/users\/1"}],"replies":[{"embeddable":true,"href":"https:\/\/dr-martins.com\/fr\/wp-json\/wp\/v2\/comments?post=2774"}],"version-history":[{"count":70,"href":"https:\/\/dr-martins.com\/fr\/wp-json\/wp\/v2\/pages\/2774\/revisions"}],"predecessor-version":[{"id":15462,"href":"https:\/\/dr-martins.com\/fr\/wp-json\/wp\/v2\/pages\/2774\/revisions\/15462"}],"wp:attachment":[{"href":"https:\/\/dr-martins.com\/fr\/wp-json\/wp\/v2\/media?parent=2774"}],"curies":[{"name":"wp","href":"https:\/\/api.w.org\/{rel}","templated":true}]}}