{"id":2778,"date":"2015-10-14T15:21:26","date_gmt":"2015-10-14T13:21:26","guid":{"rendered":"http:\/\/dr-martins.com\/de\/faqs-2\/"},"modified":"2024-07-01T16:57:26","modified_gmt":"2024-07-01T14:57:26","slug":"faqs","status":"publish","type":"page","link":"https:\/\/dr-martins.com\/fr\/faqs\/","title":{"rendered":"FAQs"},"content":{"rendered":"<p><audio class=\"audio-for-speech\"><\/audio><\/p>\n<div class=\"translate-tooltip-mtz translator-hidden\">\n<div class=\"header\">\n<div class=\"header-controls\">Translator<\/div>\n<div class=\"header-controls\">&nbsp;<\/div>\n<div class=\"header-controls\">&nbsp;<\/div>\n<\/div>\n<div class=\"translated-text\">\n<div class=\"words\">&nbsp;<\/div>\n<div class=\"sentences\">&nbsp;<\/div>\n<\/div>\n<\/div>\n<p>&nbsp;<\/p>\n<p><audio class=\"audio-for-speech\"><\/audio><\/p>\n<div class=\"translate-tooltip-mtz translator-hidden\">\n<div class=\"header\">\n<div class=\"header-controls\">Translator<\/div>\n<div class=\"header-controls\">&nbsp;<\/div>\n<div class=\"header-controls\">&nbsp;<\/div>\n<\/div>\n<div class=\"translated-text\">\n<div class=\"words\">&nbsp;<\/div>\n<div class=\"sentences\">&nbsp;<\/div>\n<\/div>\n<\/div>\n<p>&nbsp;<\/p>\n<h1>coco est ouvert et sinc\u00e8re<\/h1>\n<p><strong>De nos jours, toute personne soucieuse de se nourrir sainement se pose beaucoup de questions car de nombreux producteurs de denr\u00e9es alimentaires et de boissons trompent les consommateurs sans retenue. Chez Dr Antonio Martins, nous n&rsquo;avons recours ni \u00e0 la supercherie ni \u00e0 la cachotterie. Nos produits sont de haute qualit\u00e9 comme nous le promettons. M\u00eame si tu y regardes \u00e0 deux fois \u2026<br \/>\n<\/strong><\/p>\n","protected":false},"excerpt":{"rendered":"<p>Translator &nbsp; &nbsp; &nbsp; &nbsp; &nbsp; Translator &nbsp; &nbsp; &nbsp; &nbsp; &nbsp; coco est ouvert et sinc\u00e8re De nos jours, toute personne soucieuse de se nourrir sainement se pose beaucoup de questions car de nombreux producteurs de denr\u00e9es alimentaires et de boissons trompent les consommateurs sans retenue. Chez Dr Antonio Martins, nous n&rsquo;avons recours ni &hellip; <a href=\"https:\/\/dr-martins.com\/fr\/faqs\/\">Continued<\/a><\/p>\n","protected":false},"author":1,"featured_media":0,"parent":0,"menu_order":0,"comment_status":"closed","ping_status":"closed","template":"template-list-page.php","meta":{"footnotes":""},"class_list":["post-2778","page","type-page","status-publish","hentry"],"acf":[],"yoast_head":"<!-- This site is optimized with the Yoast SEO plugin v27.3 - https:\/\/yoast.com\/product\/yoast-seo-wordpress\/ -->\n<title>FAQ coco | Boisson de coco du Dr Antonio Martins<\/title>\n<meta name=\"description\" content=\"100 % de jus de coco bio et toutes les questions que tu te poses depuis toujours sur les noix de coco et leur jus. Le savoir relatif \u00e0 la boisson de coco de premi\u00e8re main : le jus de coco du Dr Antonio Martins\" \/>\n<meta name=\"robots\" content=\"index, follow, max-snippet:-1, max-image-preview:large, max-video-preview:-1\" \/>\n<link rel=\"canonical\" href=\"https:\/\/dr-martins.com\/fr\/faqs\/\" \/>\n<meta property=\"og:locale\" content=\"fr_FR\" \/>\n<meta property=\"og:type\" content=\"article\" \/>\n<meta property=\"og:title\" content=\"FAQ coco | Boisson de coco du Dr Antonio Martins\" \/>\n<meta property=\"og:description\" content=\"100 % de jus de coco bio et toutes les questions que tu te poses depuis toujours sur les noix de coco et leur jus. Le savoir relatif \u00e0 la boisson de coco de premi\u00e8re main : le jus de coco du Dr Antonio Martins\" \/>\n<meta property=\"og:url\" content=\"https:\/\/dr-martins.com\/fr\/faqs\/\" \/>\n<meta property=\"og:site_name\" content=\"coco von dr. antonio martins\" \/>\n<meta property=\"article:modified_time\" content=\"2024-07-01T14:57:26+00:00\" \/>\n<meta name=\"twitter:card\" content=\"summary_large_image\" \/>\n<meta name=\"twitter:label1\" content=\"Dur\u00e9e de lecture estim\u00e9e\" \/>\n\t<meta name=\"twitter:data1\" content=\"1 minute\" \/>\n<script type=\"application\/ld+json\" class=\"yoast-schema-graph\">{\"@context\":\"https:\\\/\\\/schema.org\",\"@graph\":[{\"@type\":\"WebPage\",\"@id\":\"https:\\\/\\\/dr-martins.com\\\/fr\\\/faqs\\\/\",\"url\":\"https:\\\/\\\/dr-martins.com\\\/fr\\\/faqs\\\/\",\"name\":\"FAQ coco | Boisson de coco du Dr Antonio Martins\",\"isPartOf\":{\"@id\":\"https:\\\/\\\/dr-martins.com\\\/#website\"},\"datePublished\":\"2015-10-14T13:21:26+00:00\",\"dateModified\":\"2024-07-01T14:57:26+00:00\",\"description\":\"100 % de jus de coco bio et toutes les questions que tu te poses depuis toujours sur les noix de coco et leur jus. Le savoir relatif \u00e0 la boisson de coco de premi\u00e8re main : le jus de coco du Dr Antonio Martins\",\"breadcrumb\":{\"@id\":\"https:\\\/\\\/dr-martins.com\\\/fr\\\/faqs\\\/#breadcrumb\"},\"inLanguage\":\"fr-FR\",\"potentialAction\":[{\"@type\":\"ReadAction\",\"target\":[\"https:\\\/\\\/dr-martins.com\\\/fr\\\/faqs\\\/\"]}]},{\"@type\":\"BreadcrumbList\",\"@id\":\"https:\\\/\\\/dr-martins.com\\\/fr\\\/faqs\\\/#breadcrumb\",\"itemListElement\":[{\"@type\":\"ListItem\",\"position\":1,\"name\":\"Home\",\"item\":\"https:\\\/\\\/dr-martins.com\\\/fr\\\/\"},{\"@type\":\"ListItem\",\"position\":2,\"name\":\"FAQs\"}]},{\"@type\":\"WebSite\",\"@id\":\"https:\\\/\\\/dr-martins.com\\\/#website\",\"url\":\"https:\\\/\\\/dr-martins.com\\\/\",\"name\":\"coco von dr. antonio martins\",\"description\":\"Coco Seitenuntertitel\",\"potentialAction\":[{\"@type\":\"SearchAction\",\"target\":{\"@type\":\"EntryPoint\",\"urlTemplate\":\"https:\\\/\\\/dr-martins.com\\\/?s={search_term_string}\"},\"query-input\":{\"@type\":\"PropertyValueSpecification\",\"valueRequired\":true,\"valueName\":\"search_term_string\"}}],\"inLanguage\":\"fr-FR\"}]}<\/script>\n<!-- \/ Yoast SEO plugin. -->","yoast_head_json":{"title":"FAQ coco | Boisson de coco du Dr Antonio Martins","description":"100 % de jus de coco bio et toutes les questions que tu te poses depuis toujours sur les noix de coco et leur jus. Le savoir relatif \u00e0 la boisson de coco de premi\u00e8re main : le jus de coco du Dr Antonio Martins","robots":{"index":"index","follow":"follow","max-snippet":"max-snippet:-1","max-image-preview":"max-image-preview:large","max-video-preview":"max-video-preview:-1"},"canonical":"https:\/\/dr-martins.com\/fr\/faqs\/","og_locale":"fr_FR","og_type":"article","og_title":"FAQ coco | Boisson de coco du Dr Antonio Martins","og_description":"100 % de jus de coco bio et toutes les questions que tu te poses depuis toujours sur les noix de coco et leur jus. Le savoir relatif \u00e0 la boisson de coco de premi\u00e8re main : le jus de coco du Dr Antonio Martins","og_url":"https:\/\/dr-martins.com\/fr\/faqs\/","og_site_name":"coco von dr. antonio martins","article_modified_time":"2024-07-01T14:57:26+00:00","twitter_card":"summary_large_image","twitter_misc":{"Dur\u00e9e de lecture estim\u00e9e":"1 minute"},"schema":{"@context":"https:\/\/schema.org","@graph":[{"@type":"WebPage","@id":"https:\/\/dr-martins.com\/fr\/faqs\/","url":"https:\/\/dr-martins.com\/fr\/faqs\/","name":"FAQ coco | Boisson de coco du Dr Antonio Martins","isPartOf":{"@id":"https:\/\/dr-martins.com\/#website"},"datePublished":"2015-10-14T13:21:26+00:00","dateModified":"2024-07-01T14:57:26+00:00","description":"100 % de jus de coco bio et toutes les questions que tu te poses depuis toujours sur les noix de coco et leur jus. Le savoir relatif \u00e0 la boisson de coco de premi\u00e8re main : le jus de coco du Dr Antonio Martins","breadcrumb":{"@id":"https:\/\/dr-martins.com\/fr\/faqs\/#breadcrumb"},"inLanguage":"fr-FR","potentialAction":[{"@type":"ReadAction","target":["https:\/\/dr-martins.com\/fr\/faqs\/"]}]},{"@type":"BreadcrumbList","@id":"https:\/\/dr-martins.com\/fr\/faqs\/#breadcrumb","itemListElement":[{"@type":"ListItem","position":1,"name":"Home","item":"https:\/\/dr-martins.com\/fr\/"},{"@type":"ListItem","position":2,"name":"FAQs"}]},{"@type":"WebSite","@id":"https:\/\/dr-martins.com\/#website","url":"https:\/\/dr-martins.com\/","name":"coco von dr. antonio martins","description":"Coco Seitenuntertitel","potentialAction":[{"@type":"SearchAction","target":{"@type":"EntryPoint","urlTemplate":"https:\/\/dr-martins.com\/?s={search_term_string}"},"query-input":{"@type":"PropertyValueSpecification","valueRequired":true,"valueName":"search_term_string"}}],"inLanguage":"fr-FR"}]}},"_links":{"self":[{"href":"https:\/\/dr-martins.com\/fr\/wp-json\/wp\/v2\/pages\/2778","targetHints":{"allow":["GET"]}}],"collection":[{"href":"https:\/\/dr-martins.com\/fr\/wp-json\/wp\/v2\/pages"}],"about":[{"href":"https:\/\/dr-martins.com\/fr\/wp-json\/wp\/v2\/types\/page"}],"author":[{"embeddable":true,"href":"https:\/\/dr-martins.com\/fr\/wp-json\/wp\/v2\/users\/1"}],"replies":[{"embeddable":true,"href":"https:\/\/dr-martins.com\/fr\/wp-json\/wp\/v2\/comments?post=2778"}],"version-history":[{"count":21,"href":"https:\/\/dr-martins.com\/fr\/wp-json\/wp\/v2\/pages\/2778\/revisions"}],"predecessor-version":[{"id":14709,"href":"https:\/\/dr-martins.com\/fr\/wp-json\/wp\/v2\/pages\/2778\/revisions\/14709"}],"wp:attachment":[{"href":"https:\/\/dr-martins.com\/fr\/wp-json\/wp\/v2\/media?parent=2778"}],"curies":[{"name":"wp","href":"https:\/\/api.w.org\/{rel}","templated":true}]}}