{"id":2789,"date":"2015-10-14T15:37:11","date_gmt":"2015-10-14T13:37:11","guid":{"rendered":"http:\/\/dr-martins.com\/de\/jobs-2\/"},"modified":"2019-05-13T10:25:14","modified_gmt":"2019-05-13T08:25:14","slug":"jobs","status":"publish","type":"page","link":"https:\/\/dr-martins.com\/fr\/jobs\/","title":{"rendered":"Jobs"},"content":{"rendered":"<h1>les jobs chez green coco<\/h1>\n<p>&nbsp;<\/p>\n<p>Actuellement, nous ne proposons aucun poste vacant, mais nous recrutons sans cesse. Tu peux donc nous adresser ta candidature spontan\u00e9e \u00e0 tout moment.<\/p>\n<p><strong>Nous nous r\u00e9jouissons de t&rsquo;accueillir dans l&rsquo;\u00e9quipe.<\/strong><\/p>\n","protected":false},"excerpt":{"rendered":"<p>les jobs chez green coco &nbsp; Actuellement, nous ne proposons aucun poste vacant, mais nous recrutons sans cesse. Tu peux donc nous adresser ta candidature spontan\u00e9e \u00e0 tout moment. Nous nous r\u00e9jouissons de t&rsquo;accueillir dans l&rsquo;\u00e9quipe.<\/p>\n","protected":false},"author":1,"featured_media":0,"parent":0,"menu_order":0,"comment_status":"closed","ping_status":"closed","template":"template-category-page.php","meta":{"footnotes":""},"class_list":["post-2789","page","type-page","status-publish","hentry"],"acf":[],"yoast_head":"<!-- This site is optimized with the Yoast SEO plugin v27.3 - https:\/\/yoast.com\/product\/yoast-seo-wordpress\/ -->\n<title>les jobs chez green coco | la boisson de coco du Dr Antonio Martins<\/title>\n<meta name=\"description\" content=\"La soci\u00e9t\u00e9 green coco europe gmbh cherche sans cesse du soutien pour son \u00e9quipe \u00e0 Nuremberg. Pose ta candidature et deviens toi aussi un membre de la famille coco.\" \/>\n<meta name=\"robots\" content=\"index, follow, max-snippet:-1, max-image-preview:large, max-video-preview:-1\" \/>\n<link rel=\"canonical\" href=\"https:\/\/dr-martins.com\/fr\/jobs\/\" \/>\n<meta property=\"og:locale\" content=\"fr_FR\" \/>\n<meta property=\"og:type\" content=\"article\" \/>\n<meta property=\"og:title\" content=\"les jobs chez green coco | la boisson de coco du Dr Antonio Martins\" \/>\n<meta property=\"og:description\" content=\"La soci\u00e9t\u00e9 green coco europe gmbh cherche sans cesse du soutien pour son \u00e9quipe \u00e0 Nuremberg. Pose ta candidature et deviens toi aussi un membre de la famille coco.\" \/>\n<meta property=\"og:url\" content=\"https:\/\/dr-martins.com\/fr\/jobs\/\" \/>\n<meta property=\"og:site_name\" content=\"coco von dr. antonio martins\" \/>\n<meta property=\"article:modified_time\" content=\"2019-05-13T08:25:14+00:00\" \/>\n<meta name=\"twitter:card\" content=\"summary_large_image\" \/>\n<script type=\"application\/ld+json\" class=\"yoast-schema-graph\">{\"@context\":\"https:\\\/\\\/schema.org\",\"@graph\":[{\"@type\":\"WebPage\",\"@id\":\"https:\\\/\\\/dr-martins.com\\\/fr\\\/jobs\\\/\",\"url\":\"https:\\\/\\\/dr-martins.com\\\/fr\\\/jobs\\\/\",\"name\":\"les jobs chez green coco | la boisson de coco du Dr Antonio Martins\",\"isPartOf\":{\"@id\":\"https:\\\/\\\/dr-martins.com\\\/#website\"},\"datePublished\":\"2015-10-14T13:37:11+00:00\",\"dateModified\":\"2019-05-13T08:25:14+00:00\",\"description\":\"La soci\u00e9t\u00e9 green coco europe gmbh cherche sans cesse du soutien pour son \u00e9quipe \u00e0 Nuremberg. Pose ta candidature et deviens toi aussi un membre de la famille coco.\",\"breadcrumb\":{\"@id\":\"https:\\\/\\\/dr-martins.com\\\/fr\\\/jobs\\\/#breadcrumb\"},\"inLanguage\":\"fr-FR\",\"potentialAction\":[{\"@type\":\"ReadAction\",\"target\":[\"https:\\\/\\\/dr-martins.com\\\/fr\\\/jobs\\\/\"]}]},{\"@type\":\"BreadcrumbList\",\"@id\":\"https:\\\/\\\/dr-martins.com\\\/fr\\\/jobs\\\/#breadcrumb\",\"itemListElement\":[{\"@type\":\"ListItem\",\"position\":1,\"name\":\"Home\",\"item\":\"https:\\\/\\\/dr-martins.com\\\/fr\\\/\"},{\"@type\":\"ListItem\",\"position\":2,\"name\":\"Jobs\"}]},{\"@type\":\"WebSite\",\"@id\":\"https:\\\/\\\/dr-martins.com\\\/#website\",\"url\":\"https:\\\/\\\/dr-martins.com\\\/\",\"name\":\"coco von dr. antonio martins\",\"description\":\"Coco Seitenuntertitel\",\"potentialAction\":[{\"@type\":\"SearchAction\",\"target\":{\"@type\":\"EntryPoint\",\"urlTemplate\":\"https:\\\/\\\/dr-martins.com\\\/?s={search_term_string}\"},\"query-input\":{\"@type\":\"PropertyValueSpecification\",\"valueRequired\":true,\"valueName\":\"search_term_string\"}}],\"inLanguage\":\"fr-FR\"}]}<\/script>\n<!-- \/ Yoast SEO plugin. -->","yoast_head_json":{"title":"les jobs chez green coco | la boisson de coco du Dr Antonio Martins","description":"La soci\u00e9t\u00e9 green coco europe gmbh cherche sans cesse du soutien pour son \u00e9quipe \u00e0 Nuremberg. Pose ta candidature et deviens toi aussi un membre de la famille coco.","robots":{"index":"index","follow":"follow","max-snippet":"max-snippet:-1","max-image-preview":"max-image-preview:large","max-video-preview":"max-video-preview:-1"},"canonical":"https:\/\/dr-martins.com\/fr\/jobs\/","og_locale":"fr_FR","og_type":"article","og_title":"les jobs chez green coco | la boisson de coco du Dr Antonio Martins","og_description":"La soci\u00e9t\u00e9 green coco europe gmbh cherche sans cesse du soutien pour son \u00e9quipe \u00e0 Nuremberg. Pose ta candidature et deviens toi aussi un membre de la famille coco.","og_url":"https:\/\/dr-martins.com\/fr\/jobs\/","og_site_name":"coco von dr. antonio martins","article_modified_time":"2019-05-13T08:25:14+00:00","twitter_card":"summary_large_image","schema":{"@context":"https:\/\/schema.org","@graph":[{"@type":"WebPage","@id":"https:\/\/dr-martins.com\/fr\/jobs\/","url":"https:\/\/dr-martins.com\/fr\/jobs\/","name":"les jobs chez green coco | la boisson de coco du Dr Antonio Martins","isPartOf":{"@id":"https:\/\/dr-martins.com\/#website"},"datePublished":"2015-10-14T13:37:11+00:00","dateModified":"2019-05-13T08:25:14+00:00","description":"La soci\u00e9t\u00e9 green coco europe gmbh cherche sans cesse du soutien pour son \u00e9quipe \u00e0 Nuremberg. Pose ta candidature et deviens toi aussi un membre de la famille coco.","breadcrumb":{"@id":"https:\/\/dr-martins.com\/fr\/jobs\/#breadcrumb"},"inLanguage":"fr-FR","potentialAction":[{"@type":"ReadAction","target":["https:\/\/dr-martins.com\/fr\/jobs\/"]}]},{"@type":"BreadcrumbList","@id":"https:\/\/dr-martins.com\/fr\/jobs\/#breadcrumb","itemListElement":[{"@type":"ListItem","position":1,"name":"Home","item":"https:\/\/dr-martins.com\/fr\/"},{"@type":"ListItem","position":2,"name":"Jobs"}]},{"@type":"WebSite","@id":"https:\/\/dr-martins.com\/#website","url":"https:\/\/dr-martins.com\/","name":"coco von dr. antonio martins","description":"Coco Seitenuntertitel","potentialAction":[{"@type":"SearchAction","target":{"@type":"EntryPoint","urlTemplate":"https:\/\/dr-martins.com\/?s={search_term_string}"},"query-input":{"@type":"PropertyValueSpecification","valueRequired":true,"valueName":"search_term_string"}}],"inLanguage":"fr-FR"}]}},"_links":{"self":[{"href":"https:\/\/dr-martins.com\/fr\/wp-json\/wp\/v2\/pages\/2789","targetHints":{"allow":["GET"]}}],"collection":[{"href":"https:\/\/dr-martins.com\/fr\/wp-json\/wp\/v2\/pages"}],"about":[{"href":"https:\/\/dr-martins.com\/fr\/wp-json\/wp\/v2\/types\/page"}],"author":[{"embeddable":true,"href":"https:\/\/dr-martins.com\/fr\/wp-json\/wp\/v2\/users\/1"}],"replies":[{"embeddable":true,"href":"https:\/\/dr-martins.com\/fr\/wp-json\/wp\/v2\/comments?post=2789"}],"version-history":[{"count":5,"href":"https:\/\/dr-martins.com\/fr\/wp-json\/wp\/v2\/pages\/2789\/revisions"}],"predecessor-version":[{"id":8179,"href":"https:\/\/dr-martins.com\/fr\/wp-json\/wp\/v2\/pages\/2789\/revisions\/8179"}],"wp:attachment":[{"href":"https:\/\/dr-martins.com\/fr\/wp-json\/wp\/v2\/media?parent=2789"}],"curies":[{"name":"wp","href":"https:\/\/api.w.org\/{rel}","templated":true}]}}