{"id":2793,"date":"2015-10-14T15:44:25","date_gmt":"2015-10-14T13:44:25","guid":{"rendered":"http:\/\/dr-martins.com\/de\/kaufen-2\/"},"modified":"2024-01-26T13:33:25","modified_gmt":"2024-01-26T12:33:25","slug":"acheter","status":"publish","type":"page","link":"https:\/\/dr-martins.com\/fr\/acheter\/","title":{"rendered":"acheter (kaufen)"},"content":{"rendered":"<h1>O\u00f9 nous trouver<\/h1>\n<p><strong>Le jus de coco du Dr Antonio Martins est un jus d\u2019exception. C\u2019est la raison pour laquelle on ne le trouve pas partout. Nous avons s\u00e9lectionn\u00e9 des magasins pour lesquels la qualit\u00e9 bio et la durabilit\u00e9 rev\u00eatent une vraie importance. Il y en a certainement un tout pr\u00e8s de chez vous \u2026<\/strong><\/p>\n<p><strong>&nbsp;<\/strong><\/p>\n<p>&nbsp;<\/p>\n<h3>Nos magasin<\/h3>\n<p>Vous pouvez trouver le jus de coco du Dr Antonio Martins dans de nombreux magasins bio et dans de plus en plus de supermarch\u00e9s. Il est disponible soit au rayon boisson, soit aau rayon produits bio soit au rayon des produits frais.<\/p>\n<p>Il suffit de vous rendre dans l\u2019un des magasins de cette liste&nbsp;:<\/p>\n<p>&nbsp;<\/p>\n","protected":false},"excerpt":{"rendered":"<p>O\u00f9 nous trouver Le jus de coco du Dr Antonio Martins est un jus d\u2019exception. C\u2019est la raison pour laquelle on ne le trouve pas partout. Nous avons s\u00e9lectionn\u00e9 des magasins pour lesquels la qualit\u00e9 bio et la durabilit\u00e9 rev\u00eatent une vraie importance. Il y en a certainement un tout pr\u00e8s de chez vous \u2026 &hellip; <a href=\"https:\/\/dr-martins.com\/fr\/acheter\/\">Continued<\/a><\/p>\n","protected":false},"author":1,"featured_media":0,"parent":0,"menu_order":0,"comment_status":"closed","ping_status":"closed","template":"template-category-page.php","meta":{"footnotes":""},"class_list":["post-2793","page","type-page","status-publish","hentry"],"acf":[],"yoast_head":"<!-- This site is optimized with the Yoast SEO plugin v27.3 - https:\/\/yoast.com\/product\/yoast-seo-wordpress\/ -->\n<title>acheter la boisson de coco | la boisson de coco du Dr Antonio Martins<\/title>\n<meta name=\"description\" content=\"Tu peux tout simplement commander le jus de coco 100 % bio en ligne ou l&#039;acheter dans le commerce avant de le savourer. Tu trouveras ici tous les points de vente du jus de coco du Dr Antonio Martins.\" \/>\n<meta name=\"robots\" content=\"index, follow, max-snippet:-1, max-image-preview:large, max-video-preview:-1\" \/>\n<link rel=\"canonical\" href=\"https:\/\/dr-martins.com\/fr\/acheter\/\" \/>\n<meta property=\"og:locale\" content=\"fr_FR\" \/>\n<meta property=\"og:type\" content=\"article\" \/>\n<meta property=\"og:title\" content=\"acheter la boisson de coco | la boisson de coco du Dr Antonio Martins\" \/>\n<meta property=\"og:description\" content=\"Tu peux tout simplement commander le jus de coco 100 % bio en ligne ou l&#039;acheter dans le commerce avant de le savourer. Tu trouveras ici tous les points de vente du jus de coco du Dr Antonio Martins.\" \/>\n<meta property=\"og:url\" content=\"https:\/\/dr-martins.com\/fr\/acheter\/\" \/>\n<meta property=\"og:site_name\" content=\"coco von dr. antonio martins\" \/>\n<meta property=\"article:modified_time\" content=\"2024-01-26T12:33:25+00:00\" \/>\n<meta name=\"twitter:card\" content=\"summary_large_image\" \/>\n<meta name=\"twitter:label1\" content=\"Dur\u00e9e de lecture estim\u00e9e\" \/>\n\t<meta name=\"twitter:data1\" content=\"1 minute\" \/>\n<script type=\"application\/ld+json\" class=\"yoast-schema-graph\">{\"@context\":\"https:\\\/\\\/schema.org\",\"@graph\":[{\"@type\":\"WebPage\",\"@id\":\"https:\\\/\\\/dr-martins.com\\\/fr\\\/acheter\\\/\",\"url\":\"https:\\\/\\\/dr-martins.com\\\/fr\\\/acheter\\\/\",\"name\":\"acheter la boisson de coco | la boisson de coco du Dr Antonio Martins\",\"isPartOf\":{\"@id\":\"https:\\\/\\\/dr-martins.com\\\/#website\"},\"datePublished\":\"2015-10-14T13:44:25+00:00\",\"dateModified\":\"2024-01-26T12:33:25+00:00\",\"description\":\"Tu peux tout simplement commander le jus de coco 100 % bio en ligne ou l'acheter dans le commerce avant de le savourer. Tu trouveras ici tous les points de vente du jus de coco du Dr Antonio Martins.\",\"breadcrumb\":{\"@id\":\"https:\\\/\\\/dr-martins.com\\\/fr\\\/acheter\\\/#breadcrumb\"},\"inLanguage\":\"fr-FR\",\"potentialAction\":[{\"@type\":\"ReadAction\",\"target\":[\"https:\\\/\\\/dr-martins.com\\\/fr\\\/acheter\\\/\"]}]},{\"@type\":\"BreadcrumbList\",\"@id\":\"https:\\\/\\\/dr-martins.com\\\/fr\\\/acheter\\\/#breadcrumb\",\"itemListElement\":[{\"@type\":\"ListItem\",\"position\":1,\"name\":\"Home\",\"item\":\"https:\\\/\\\/dr-martins.com\\\/fr\\\/\"},{\"@type\":\"ListItem\",\"position\":2,\"name\":\"acheter (kaufen)\"}]},{\"@type\":\"WebSite\",\"@id\":\"https:\\\/\\\/dr-martins.com\\\/#website\",\"url\":\"https:\\\/\\\/dr-martins.com\\\/\",\"name\":\"coco von dr. antonio martins\",\"description\":\"Coco Seitenuntertitel\",\"potentialAction\":[{\"@type\":\"SearchAction\",\"target\":{\"@type\":\"EntryPoint\",\"urlTemplate\":\"https:\\\/\\\/dr-martins.com\\\/?s={search_term_string}\"},\"query-input\":{\"@type\":\"PropertyValueSpecification\",\"valueRequired\":true,\"valueName\":\"search_term_string\"}}],\"inLanguage\":\"fr-FR\"}]}<\/script>\n<!-- \/ Yoast SEO plugin. -->","yoast_head_json":{"title":"acheter la boisson de coco | la boisson de coco du Dr Antonio Martins","description":"Tu peux tout simplement commander le jus de coco 100 % bio en ligne ou l'acheter dans le commerce avant de le savourer. Tu trouveras ici tous les points de vente du jus de coco du Dr Antonio Martins.","robots":{"index":"index","follow":"follow","max-snippet":"max-snippet:-1","max-image-preview":"max-image-preview:large","max-video-preview":"max-video-preview:-1"},"canonical":"https:\/\/dr-martins.com\/fr\/acheter\/","og_locale":"fr_FR","og_type":"article","og_title":"acheter la boisson de coco | la boisson de coco du Dr Antonio Martins","og_description":"Tu peux tout simplement commander le jus de coco 100 % bio en ligne ou l'acheter dans le commerce avant de le savourer. Tu trouveras ici tous les points de vente du jus de coco du Dr Antonio Martins.","og_url":"https:\/\/dr-martins.com\/fr\/acheter\/","og_site_name":"coco von dr. antonio martins","article_modified_time":"2024-01-26T12:33:25+00:00","twitter_card":"summary_large_image","twitter_misc":{"Dur\u00e9e de lecture estim\u00e9e":"1 minute"},"schema":{"@context":"https:\/\/schema.org","@graph":[{"@type":"WebPage","@id":"https:\/\/dr-martins.com\/fr\/acheter\/","url":"https:\/\/dr-martins.com\/fr\/acheter\/","name":"acheter la boisson de coco | la boisson de coco du Dr Antonio Martins","isPartOf":{"@id":"https:\/\/dr-martins.com\/#website"},"datePublished":"2015-10-14T13:44:25+00:00","dateModified":"2024-01-26T12:33:25+00:00","description":"Tu peux tout simplement commander le jus de coco 100 % bio en ligne ou l'acheter dans le commerce avant de le savourer. Tu trouveras ici tous les points de vente du jus de coco du Dr Antonio Martins.","breadcrumb":{"@id":"https:\/\/dr-martins.com\/fr\/acheter\/#breadcrumb"},"inLanguage":"fr-FR","potentialAction":[{"@type":"ReadAction","target":["https:\/\/dr-martins.com\/fr\/acheter\/"]}]},{"@type":"BreadcrumbList","@id":"https:\/\/dr-martins.com\/fr\/acheter\/#breadcrumb","itemListElement":[{"@type":"ListItem","position":1,"name":"Home","item":"https:\/\/dr-martins.com\/fr\/"},{"@type":"ListItem","position":2,"name":"acheter (kaufen)"}]},{"@type":"WebSite","@id":"https:\/\/dr-martins.com\/#website","url":"https:\/\/dr-martins.com\/","name":"coco von dr. antonio martins","description":"Coco Seitenuntertitel","potentialAction":[{"@type":"SearchAction","target":{"@type":"EntryPoint","urlTemplate":"https:\/\/dr-martins.com\/?s={search_term_string}"},"query-input":{"@type":"PropertyValueSpecification","valueRequired":true,"valueName":"search_term_string"}}],"inLanguage":"fr-FR"}]}},"_links":{"self":[{"href":"https:\/\/dr-martins.com\/fr\/wp-json\/wp\/v2\/pages\/2793","targetHints":{"allow":["GET"]}}],"collection":[{"href":"https:\/\/dr-martins.com\/fr\/wp-json\/wp\/v2\/pages"}],"about":[{"href":"https:\/\/dr-martins.com\/fr\/wp-json\/wp\/v2\/types\/page"}],"author":[{"embeddable":true,"href":"https:\/\/dr-martins.com\/fr\/wp-json\/wp\/v2\/users\/1"}],"replies":[{"embeddable":true,"href":"https:\/\/dr-martins.com\/fr\/wp-json\/wp\/v2\/comments?post=2793"}],"version-history":[{"count":12,"href":"https:\/\/dr-martins.com\/fr\/wp-json\/wp\/v2\/pages\/2793\/revisions"}],"predecessor-version":[{"id":13228,"href":"https:\/\/dr-martins.com\/fr\/wp-json\/wp\/v2\/pages\/2793\/revisions\/13228"}],"wp:attachment":[{"href":"https:\/\/dr-martins.com\/fr\/wp-json\/wp\/v2\/media?parent=2793"}],"curies":[{"name":"wp","href":"https:\/\/api.w.org\/{rel}","templated":true}]}}