{"id":2808,"date":"2015-10-14T16:37:39","date_gmt":"2015-10-14T14:37:39","guid":{"rendered":"http:\/\/dr-martins.com\/de\/qualitaet-2\/"},"modified":"2024-01-25T16:00:46","modified_gmt":"2024-01-25T15:00:46","slug":"qualite","status":"publish","type":"page","link":"https:\/\/dr-martins.com\/fr\/qualite\/","title":{"rendered":"qualit\u00e9 (Qualit\u00e4t)"},"content":{"rendered":"","protected":false},"excerpt":{"rendered":"","protected":false},"author":1,"featured_media":0,"parent":0,"menu_order":0,"comment_status":"closed","ping_status":"closed","template":"template-category-page.php","meta":{"footnotes":""},"class_list":["post-2808","page","type-page","status-publish","hentry"],"acf":[],"yoast_head":"<!-- This site is optimized with the Yoast SEO plugin v27.3 - https:\/\/yoast.com\/product\/yoast-seo-wordpress\/ -->\n<title>Qualit\u00e9 et origine bio | coco du Dr Antonio Martins<\/title>\n<meta name=\"description\" content=\"Notre jus de coco 100 % bio provient de plantations de cocotiers cultiv\u00e9s biologiquement, dont les fruits sont transform\u00e9s directement et transport\u00e9s de fa\u00e7on \u00e0 prot\u00e9ger l&#039;environnement. Bois du jus de coco en ayant bonne conscience\" \/>\n<meta name=\"robots\" content=\"index, follow, max-snippet:-1, max-image-preview:large, max-video-preview:-1\" \/>\n<link rel=\"canonical\" href=\"https:\/\/dr-martins.com\/fr\/qualite\/\" \/>\n<meta property=\"og:locale\" content=\"fr_FR\" \/>\n<meta property=\"og:type\" content=\"article\" \/>\n<meta property=\"og:title\" content=\"Qualit\u00e9 et origine bio | coco du Dr Antonio Martins\" \/>\n<meta property=\"og:description\" content=\"Notre jus de coco 100 % bio provient de plantations de cocotiers cultiv\u00e9s biologiquement, dont les fruits sont transform\u00e9s directement et transport\u00e9s de fa\u00e7on \u00e0 prot\u00e9ger l&#039;environnement. Bois du jus de coco en ayant bonne conscience\" \/>\n<meta property=\"og:url\" content=\"https:\/\/dr-martins.com\/fr\/qualite\/\" \/>\n<meta property=\"og:site_name\" content=\"coco von dr. antonio martins\" \/>\n<meta property=\"article:modified_time\" content=\"2024-01-25T15:00:46+00:00\" \/>\n<meta name=\"twitter:card\" content=\"summary_large_image\" \/>\n<script type=\"application\/ld+json\" class=\"yoast-schema-graph\">{\"@context\":\"https:\\\/\\\/schema.org\",\"@graph\":[{\"@type\":\"WebPage\",\"@id\":\"https:\\\/\\\/dr-martins.com\\\/fr\\\/qualite\\\/\",\"url\":\"https:\\\/\\\/dr-martins.com\\\/fr\\\/qualite\\\/\",\"name\":\"Qualit\u00e9 et origine bio | coco du Dr Antonio Martins\",\"isPartOf\":{\"@id\":\"https:\\\/\\\/dr-martins.com\\\/#website\"},\"datePublished\":\"2015-10-14T14:37:39+00:00\",\"dateModified\":\"2024-01-25T15:00:46+00:00\",\"description\":\"Notre jus de coco 100 % bio provient de plantations de cocotiers cultiv\u00e9s biologiquement, dont les fruits sont transform\u00e9s directement et transport\u00e9s de fa\u00e7on \u00e0 prot\u00e9ger l'environnement. Bois du jus de coco en ayant bonne conscience\",\"breadcrumb\":{\"@id\":\"https:\\\/\\\/dr-martins.com\\\/fr\\\/qualite\\\/#breadcrumb\"},\"inLanguage\":\"fr-FR\",\"potentialAction\":[{\"@type\":\"ReadAction\",\"target\":[\"https:\\\/\\\/dr-martins.com\\\/fr\\\/qualite\\\/\"]}]},{\"@type\":\"BreadcrumbList\",\"@id\":\"https:\\\/\\\/dr-martins.com\\\/fr\\\/qualite\\\/#breadcrumb\",\"itemListElement\":[{\"@type\":\"ListItem\",\"position\":1,\"name\":\"Home\",\"item\":\"https:\\\/\\\/dr-martins.com\\\/fr\\\/\"},{\"@type\":\"ListItem\",\"position\":2,\"name\":\"qualit\u00e9 (Qualit\u00e4t)\"}]},{\"@type\":\"WebSite\",\"@id\":\"https:\\\/\\\/dr-martins.com\\\/#website\",\"url\":\"https:\\\/\\\/dr-martins.com\\\/\",\"name\":\"coco von dr. antonio martins\",\"description\":\"Coco Seitenuntertitel\",\"potentialAction\":[{\"@type\":\"SearchAction\",\"target\":{\"@type\":\"EntryPoint\",\"urlTemplate\":\"https:\\\/\\\/dr-martins.com\\\/?s={search_term_string}\"},\"query-input\":{\"@type\":\"PropertyValueSpecification\",\"valueRequired\":true,\"valueName\":\"search_term_string\"}}],\"inLanguage\":\"fr-FR\"}]}<\/script>\n<!-- \/ Yoast SEO plugin. -->","yoast_head_json":{"title":"Qualit\u00e9 et origine bio | coco du Dr Antonio Martins","description":"Notre jus de coco 100 % bio provient de plantations de cocotiers cultiv\u00e9s biologiquement, dont les fruits sont transform\u00e9s directement et transport\u00e9s de fa\u00e7on \u00e0 prot\u00e9ger l'environnement. Bois du jus de coco en ayant bonne conscience","robots":{"index":"index","follow":"follow","max-snippet":"max-snippet:-1","max-image-preview":"max-image-preview:large","max-video-preview":"max-video-preview:-1"},"canonical":"https:\/\/dr-martins.com\/fr\/qualite\/","og_locale":"fr_FR","og_type":"article","og_title":"Qualit\u00e9 et origine bio | coco du Dr Antonio Martins","og_description":"Notre jus de coco 100 % bio provient de plantations de cocotiers cultiv\u00e9s biologiquement, dont les fruits sont transform\u00e9s directement et transport\u00e9s de fa\u00e7on \u00e0 prot\u00e9ger l'environnement. Bois du jus de coco en ayant bonne conscience","og_url":"https:\/\/dr-martins.com\/fr\/qualite\/","og_site_name":"coco von dr. antonio martins","article_modified_time":"2024-01-25T15:00:46+00:00","twitter_card":"summary_large_image","schema":{"@context":"https:\/\/schema.org","@graph":[{"@type":"WebPage","@id":"https:\/\/dr-martins.com\/fr\/qualite\/","url":"https:\/\/dr-martins.com\/fr\/qualite\/","name":"Qualit\u00e9 et origine bio | coco du Dr Antonio Martins","isPartOf":{"@id":"https:\/\/dr-martins.com\/#website"},"datePublished":"2015-10-14T14:37:39+00:00","dateModified":"2024-01-25T15:00:46+00:00","description":"Notre jus de coco 100 % bio provient de plantations de cocotiers cultiv\u00e9s biologiquement, dont les fruits sont transform\u00e9s directement et transport\u00e9s de fa\u00e7on \u00e0 prot\u00e9ger l'environnement. Bois du jus de coco en ayant bonne conscience","breadcrumb":{"@id":"https:\/\/dr-martins.com\/fr\/qualite\/#breadcrumb"},"inLanguage":"fr-FR","potentialAction":[{"@type":"ReadAction","target":["https:\/\/dr-martins.com\/fr\/qualite\/"]}]},{"@type":"BreadcrumbList","@id":"https:\/\/dr-martins.com\/fr\/qualite\/#breadcrumb","itemListElement":[{"@type":"ListItem","position":1,"name":"Home","item":"https:\/\/dr-martins.com\/fr\/"},{"@type":"ListItem","position":2,"name":"qualit\u00e9 (Qualit\u00e4t)"}]},{"@type":"WebSite","@id":"https:\/\/dr-martins.com\/#website","url":"https:\/\/dr-martins.com\/","name":"coco von dr. antonio martins","description":"Coco Seitenuntertitel","potentialAction":[{"@type":"SearchAction","target":{"@type":"EntryPoint","urlTemplate":"https:\/\/dr-martins.com\/?s={search_term_string}"},"query-input":{"@type":"PropertyValueSpecification","valueRequired":true,"valueName":"search_term_string"}}],"inLanguage":"fr-FR"}]}},"_links":{"self":[{"href":"https:\/\/dr-martins.com\/fr\/wp-json\/wp\/v2\/pages\/2808","targetHints":{"allow":["GET"]}}],"collection":[{"href":"https:\/\/dr-martins.com\/fr\/wp-json\/wp\/v2\/pages"}],"about":[{"href":"https:\/\/dr-martins.com\/fr\/wp-json\/wp\/v2\/types\/page"}],"author":[{"embeddable":true,"href":"https:\/\/dr-martins.com\/fr\/wp-json\/wp\/v2\/users\/1"}],"replies":[{"embeddable":true,"href":"https:\/\/dr-martins.com\/fr\/wp-json\/wp\/v2\/comments?post=2808"}],"version-history":[{"count":3,"href":"https:\/\/dr-martins.com\/fr\/wp-json\/wp\/v2\/pages\/2808\/revisions"}],"predecessor-version":[{"id":13163,"href":"https:\/\/dr-martins.com\/fr\/wp-json\/wp\/v2\/pages\/2808\/revisions\/13163"}],"wp:attachment":[{"href":"https:\/\/dr-martins.com\/fr\/wp-json\/wp\/v2\/media?parent=2808"}],"curies":[{"name":"wp","href":"https:\/\/api.w.org\/{rel}","templated":true}]}}