{"id":2817,"date":"2015-10-14T16:51:14","date_gmt":"2015-10-14T14:51:14","guid":{"rendered":"http:\/\/dr-martins.com\/de\/impressum-2\/"},"modified":"2019-05-09T15:01:12","modified_gmt":"2019-05-09T13:01:12","slug":"mentions-legales","status":"publish","type":"page","link":"https:\/\/dr-martins.com\/fr\/mentions-legales\/","title":{"rendered":"Mentions l\u00e9gales (Impressum)"},"content":{"rendered":"<h1>Mentions l\u00e9gales<\/h1>\n<p>&nbsp;<\/p>\n<p>Informations selon le \u00a7 5 de la loi sur les t\u00e9l\u00e9m\u00e9dias :<\/p>\n<p>&nbsp;<\/p>\n<p><strong>green coco europe marketing und vertriebsgesellschaft mbH<br \/>\n<\/strong>Koenigstrasse 33-37<br \/>\nDE-90402 Nuernberg<\/p>\n<p>&nbsp;<\/p>\n<p>GLN 4260183210009<\/p>\n<p>Contr\u00f4l\u00e9 par le label DE-\u00d6KO-007<\/p>\n<p>&nbsp;<\/p>\n<p><strong>Repr\u00e9sent\u00e9 par :<\/strong><\/p>\n<p>Stefan Rei\u00df<\/p>\n<p>&nbsp;<\/p>\n<p><strong>Contact :<\/strong><\/p>\n<table>\n<tbody>\n<tr>\n<td>T\u00e9l\u00e9phone :<\/td>\n<td>+49 (0) 911 580 5889 0<\/td>\n<\/tr>\n<tr>\n<td>T\u00e9l\u00e9fax :<\/td>\n<td>+49 (0) 911 580 5889 90<\/td>\n<\/tr>\n<tr>\n<td>E-mail:<\/td>\n<td><a href=\"mailto:info@green-coco.com\">info@green-coco.com<\/a><\/td>\n<\/tr>\n<\/tbody>\n<\/table>\n<p>&nbsp;<\/p>\n<p><strong><br \/>\nInscription au registre :<\/strong><\/p>\n<p>Inscription au registre du commerce.<br \/>\nTribunal charg\u00e9 de la tenue du registre : Tribunal administratif de Nuremberg<br \/>\nNum\u00e9ro d&rsquo;inscription au registre : HRB 24980<\/p>\n<p>&nbsp;<\/p>\n<p><strong>Num\u00e9ro de TVA intracommunautaire :<\/strong><\/p>\n<p>Num\u00e9ro d&rsquo;identification de la TVA selon le \u00a7 27 a de la loi allemande relative \u00e0 la taxe sur le chiffre d&rsquo;affaires :<br \/>\nDE 263432770<\/p>\n<p>&nbsp;<\/p>\n<p>&nbsp;<\/p>\n<h5>Exclusion de la responsabilit\u00e9 :<\/h5>\n<p><strong>Responsabilit\u00e9 des contenus<\/strong><\/p>\n<p>Nous cr\u00e9ons les contenus de nos pages avec beaucoup de soin. Mais nous d\u00e9clinons toute responsabilit\u00e9 quant \u00e0 leur exactitude, leur exhaustivit\u00e9 et leur actualit\u00e9. En tant que prestataire de services, nous sommes responsables des contenus figurant sur ces pages selon les lois g\u00e9n\u00e9rales conform\u00e9ment au \u00a7 7 al. 1 de la loi sur les t\u00e9l\u00e9m\u00e9dias. Mais, d&rsquo;apr\u00e8s les \u00a7\u00a7 8 \u00e0 10 de la loi sur les t\u00e9l\u00e9m\u00e9dias, nous ne sommes pas tenus en tant que prestataire de services de surveiller les informations ext\u00e9rieures transmises ou enregistr\u00e9es ou de rechercher les faits qui renvoient \u00e0 une activit\u00e9 ill\u00e9gale. Sur ce point, l&rsquo;obligation de supprimer ou de bloquer l&rsquo;utilisation des informations reste inchang\u00e9e conform\u00e9ment aux lois g\u00e9n\u00e9rales. Une responsabilit\u00e9 n&rsquo;est toutefois possible qu&rsquo;\u00e0 partir du moment o\u00f9 il est reconnu que la loi a \u00e9t\u00e9 concr\u00e8tement enfreinte. D\u00e8s qu&rsquo;il est \u00e9tabli que la loi a \u00e9t\u00e9 enfreinte, nous supprimons imm\u00e9diatement ces contenus.<\/p>\n<p>Nous d\u00e9clinons toute responsabilit\u00e9 quant \u00e0 la saisie des contenus dans les domaines \u00ab recherche sur l&rsquo;eau de coco, news et presse \u00bb car nous nous les procurons \u00e0 partir de sources ext\u00e9rieures sans en donner d&rsquo;\u00e9valuation.<\/p>\n<p>&nbsp;<\/p>\n<p><strong><br \/>\nResponsabilit\u00e9 concernant les liens<\/strong><\/p>\n<p>Notre offre contient des liens vers des sites tiers externes dont le contenu \u00e9chappe \u00e0 notre influence. Nous d\u00e9clinons donc \u00e9galement toute responsabilit\u00e9 quant \u00e0 ces contenus ext\u00e9rieurs. Ce sont le fournisseur ou l&rsquo;exploitant des sites qui sont responsables des contenus des sites mis en lien. Les \u00e9ventuelles enfreintes \u00e0 la loi de ces sites sont v\u00e9rifi\u00e9es au moment de la mise en lien. A ce moment-l\u00e0, nous n&rsquo;avons identifi\u00e9 aucun contenu contraire \u00e0 la loi. Il n&rsquo;est cependant pas possible de contr\u00f4ler en permanence les contenus des sites mis en lien sans indice concret d&rsquo;une telle enfreinte. D\u00e8s qu&rsquo;il est \u00e9tabli que la loi a \u00e9t\u00e9 enfreinte, nous supprimons imm\u00e9diatement ces contenus.<\/p>\n<p>&nbsp;<\/p>\n<p><strong><br \/>\nDroits d&rsquo;auteur<\/strong><\/p>\n<p>Les contenus et les \u0153uvres cr\u00e9\u00e9s par les exploitants des sites sur ces pages sont soumis aux droits d&rsquo;auteur allemands. La reproduction, la modification, la diffusion et toute sorte d&rsquo;utilisation en dehors des limites des droits d&rsquo;auteur exigent l&rsquo;accord \u00e9crit de l&rsquo;auteur ou du cr\u00e9ateur concern\u00e9. Les t\u00e9l\u00e9chargements et les copies de ces pages ne sont autoris\u00e9s qu&rsquo;\u00e0 des fins priv\u00e9es et non commerciales. Si les contenus figurant sur ce site n&rsquo;ont pas \u00e9t\u00e9 cr\u00e9\u00e9s par l&rsquo;exploitant, les droits d&rsquo;auteur des tiers sont pris en compte. Les contenus de tiers sont indiqu\u00e9s comme tels. Si vous remarquez cependant une violation des droits d&rsquo;auteur, nous vous prions de bien vouloir nous le signaler. D\u00e8s qu&rsquo;il est \u00e9tabli que la loi a \u00e9t\u00e9 enfreinte, nous supprimons imm\u00e9diatement ces contenus.<\/p>\n","protected":false},"excerpt":{"rendered":"<p>Mentions l\u00e9gales &nbsp; Informations selon le \u00a7 5 de la loi sur les t\u00e9l\u00e9m\u00e9dias : &nbsp; green coco europe marketing und vertriebsgesellschaft mbH Koenigstrasse 33-37 DE-90402 Nuernberg &nbsp; GLN 4260183210009 Contr\u00f4l\u00e9 par le label DE-\u00d6KO-007 &nbsp; Repr\u00e9sent\u00e9 par : Stefan Rei\u00df &nbsp; Contact : T\u00e9l\u00e9phone : +49 (0) 911 580 5889 0 T\u00e9l\u00e9fax : +49 &hellip; <a href=\"https:\/\/dr-martins.com\/fr\/mentions-legales\/\">Continued<\/a><\/p>\n","protected":false},"author":1,"featured_media":0,"parent":0,"menu_order":0,"comment_status":"closed","ping_status":"closed","template":"","meta":{"footnotes":""},"class_list":["post-2817","page","type-page","status-publish","hentry"],"acf":[],"yoast_head":"<!-- This site is optimized with the Yoast SEO plugin v27.3 - https:\/\/yoast.com\/product\/yoast-seo-wordpress\/ -->\n<title>Mentions l\u00e9gales | la boisson de coco du Dr Antonio Martins<\/title>\n<meta name=\"description\" content=\"Le jus de coco du Dr Antonio Martins est distribu\u00e9 par la soci\u00e9t\u00e9 \u00e0 responsabilit\u00e9 limit\u00e9e de commercialisation et de vente green coco europe afin que tu puisses savourer cet excellent jus de coco en Europe.\" \/>\n<meta name=\"robots\" content=\"index, follow, max-snippet:-1, max-image-preview:large, max-video-preview:-1\" \/>\n<link rel=\"canonical\" href=\"https:\/\/dr-martins.com\/fr\/mentions-legales\/\" \/>\n<meta property=\"og:locale\" content=\"fr_FR\" \/>\n<meta property=\"og:type\" content=\"article\" \/>\n<meta property=\"og:title\" content=\"Mentions l\u00e9gales | la boisson de coco du Dr Antonio Martins\" \/>\n<meta property=\"og:description\" content=\"Le jus de coco du Dr Antonio Martins est distribu\u00e9 par la soci\u00e9t\u00e9 \u00e0 responsabilit\u00e9 limit\u00e9e de commercialisation et de vente green coco europe afin que tu puisses savourer cet excellent jus de coco en Europe.\" \/>\n<meta property=\"og:url\" content=\"https:\/\/dr-martins.com\/fr\/mentions-legales\/\" \/>\n<meta property=\"og:site_name\" content=\"coco von dr. antonio martins\" \/>\n<meta property=\"article:modified_time\" content=\"2019-05-09T13:01:12+00:00\" \/>\n<meta name=\"twitter:card\" content=\"summary_large_image\" \/>\n<meta name=\"twitter:label1\" content=\"Dur\u00e9e de lecture estim\u00e9e\" \/>\n\t<meta name=\"twitter:data1\" content=\"3 minutes\" \/>\n<script type=\"application\/ld+json\" class=\"yoast-schema-graph\">{\"@context\":\"https:\\\/\\\/schema.org\",\"@graph\":[{\"@type\":\"WebPage\",\"@id\":\"https:\\\/\\\/dr-martins.com\\\/fr\\\/mentions-legales\\\/\",\"url\":\"https:\\\/\\\/dr-martins.com\\\/fr\\\/mentions-legales\\\/\",\"name\":\"Mentions l\u00e9gales | la boisson de coco du Dr Antonio Martins\",\"isPartOf\":{\"@id\":\"https:\\\/\\\/dr-martins.com\\\/#website\"},\"datePublished\":\"2015-10-14T14:51:14+00:00\",\"dateModified\":\"2019-05-09T13:01:12+00:00\",\"description\":\"Le jus de coco du Dr Antonio Martins est distribu\u00e9 par la soci\u00e9t\u00e9 \u00e0 responsabilit\u00e9 limit\u00e9e de commercialisation et de vente green coco europe afin que tu puisses savourer cet excellent jus de coco en Europe.\",\"breadcrumb\":{\"@id\":\"https:\\\/\\\/dr-martins.com\\\/fr\\\/mentions-legales\\\/#breadcrumb\"},\"inLanguage\":\"fr-FR\",\"potentialAction\":[{\"@type\":\"ReadAction\",\"target\":[\"https:\\\/\\\/dr-martins.com\\\/fr\\\/mentions-legales\\\/\"]}]},{\"@type\":\"BreadcrumbList\",\"@id\":\"https:\\\/\\\/dr-martins.com\\\/fr\\\/mentions-legales\\\/#breadcrumb\",\"itemListElement\":[{\"@type\":\"ListItem\",\"position\":1,\"name\":\"Home\",\"item\":\"https:\\\/\\\/dr-martins.com\\\/fr\\\/\"},{\"@type\":\"ListItem\",\"position\":2,\"name\":\"Mentions l\u00e9gales (Impressum)\"}]},{\"@type\":\"WebSite\",\"@id\":\"https:\\\/\\\/dr-martins.com\\\/#website\",\"url\":\"https:\\\/\\\/dr-martins.com\\\/\",\"name\":\"coco von dr. antonio martins\",\"description\":\"Coco Seitenuntertitel\",\"potentialAction\":[{\"@type\":\"SearchAction\",\"target\":{\"@type\":\"EntryPoint\",\"urlTemplate\":\"https:\\\/\\\/dr-martins.com\\\/?s={search_term_string}\"},\"query-input\":{\"@type\":\"PropertyValueSpecification\",\"valueRequired\":true,\"valueName\":\"search_term_string\"}}],\"inLanguage\":\"fr-FR\"}]}<\/script>\n<!-- \/ Yoast SEO plugin. -->","yoast_head_json":{"title":"Mentions l\u00e9gales | la boisson de coco du Dr Antonio Martins","description":"Le jus de coco du Dr Antonio Martins est distribu\u00e9 par la soci\u00e9t\u00e9 \u00e0 responsabilit\u00e9 limit\u00e9e de commercialisation et de vente green coco europe afin que tu puisses savourer cet excellent jus de coco en Europe.","robots":{"index":"index","follow":"follow","max-snippet":"max-snippet:-1","max-image-preview":"max-image-preview:large","max-video-preview":"max-video-preview:-1"},"canonical":"https:\/\/dr-martins.com\/fr\/mentions-legales\/","og_locale":"fr_FR","og_type":"article","og_title":"Mentions l\u00e9gales | la boisson de coco du Dr Antonio Martins","og_description":"Le jus de coco du Dr Antonio Martins est distribu\u00e9 par la soci\u00e9t\u00e9 \u00e0 responsabilit\u00e9 limit\u00e9e de commercialisation et de vente green coco europe afin que tu puisses savourer cet excellent jus de coco en Europe.","og_url":"https:\/\/dr-martins.com\/fr\/mentions-legales\/","og_site_name":"coco von dr. antonio martins","article_modified_time":"2019-05-09T13:01:12+00:00","twitter_card":"summary_large_image","twitter_misc":{"Dur\u00e9e de lecture estim\u00e9e":"3 minutes"},"schema":{"@context":"https:\/\/schema.org","@graph":[{"@type":"WebPage","@id":"https:\/\/dr-martins.com\/fr\/mentions-legales\/","url":"https:\/\/dr-martins.com\/fr\/mentions-legales\/","name":"Mentions l\u00e9gales | la boisson de coco du Dr Antonio Martins","isPartOf":{"@id":"https:\/\/dr-martins.com\/#website"},"datePublished":"2015-10-14T14:51:14+00:00","dateModified":"2019-05-09T13:01:12+00:00","description":"Le jus de coco du Dr Antonio Martins est distribu\u00e9 par la soci\u00e9t\u00e9 \u00e0 responsabilit\u00e9 limit\u00e9e de commercialisation et de vente green coco europe afin que tu puisses savourer cet excellent jus de coco en Europe.","breadcrumb":{"@id":"https:\/\/dr-martins.com\/fr\/mentions-legales\/#breadcrumb"},"inLanguage":"fr-FR","potentialAction":[{"@type":"ReadAction","target":["https:\/\/dr-martins.com\/fr\/mentions-legales\/"]}]},{"@type":"BreadcrumbList","@id":"https:\/\/dr-martins.com\/fr\/mentions-legales\/#breadcrumb","itemListElement":[{"@type":"ListItem","position":1,"name":"Home","item":"https:\/\/dr-martins.com\/fr\/"},{"@type":"ListItem","position":2,"name":"Mentions l\u00e9gales (Impressum)"}]},{"@type":"WebSite","@id":"https:\/\/dr-martins.com\/#website","url":"https:\/\/dr-martins.com\/","name":"coco von dr. antonio martins","description":"Coco Seitenuntertitel","potentialAction":[{"@type":"SearchAction","target":{"@type":"EntryPoint","urlTemplate":"https:\/\/dr-martins.com\/?s={search_term_string}"},"query-input":{"@type":"PropertyValueSpecification","valueRequired":true,"valueName":"search_term_string"}}],"inLanguage":"fr-FR"}]}},"_links":{"self":[{"href":"https:\/\/dr-martins.com\/fr\/wp-json\/wp\/v2\/pages\/2817","targetHints":{"allow":["GET"]}}],"collection":[{"href":"https:\/\/dr-martins.com\/fr\/wp-json\/wp\/v2\/pages"}],"about":[{"href":"https:\/\/dr-martins.com\/fr\/wp-json\/wp\/v2\/types\/page"}],"author":[{"embeddable":true,"href":"https:\/\/dr-martins.com\/fr\/wp-json\/wp\/v2\/users\/1"}],"replies":[{"embeddable":true,"href":"https:\/\/dr-martins.com\/fr\/wp-json\/wp\/v2\/comments?post=2817"}],"version-history":[{"count":8,"href":"https:\/\/dr-martins.com\/fr\/wp-json\/wp\/v2\/pages\/2817\/revisions"}],"predecessor-version":[{"id":8165,"href":"https:\/\/dr-martins.com\/fr\/wp-json\/wp\/v2\/pages\/2817\/revisions\/8165"}],"wp:attachment":[{"href":"https:\/\/dr-martins.com\/fr\/wp-json\/wp\/v2\/media?parent=2817"}],"curies":[{"name":"wp","href":"https:\/\/api.w.org\/{rel}","templated":true}]}}