{"id":2822,"date":"2015-10-14T17:07:09","date_gmt":"2015-10-14T15:07:09","guid":{"rendered":"http:\/\/dr-martins.com\/de\/datenschutz-2\/"},"modified":"2018-06-25T16:34:07","modified_gmt":"2018-06-25T14:34:07","slug":"politique-de-confidentialite","status":"publish","type":"page","link":"https:\/\/dr-martins.com\/fr\/politique-de-confidentialite\/","title":{"rendered":"Politique de confidentialit\u00e9 (Datenschutz)"},"content":{"rendered":"<h1>Politique de confidentialit\u00e9<\/h1>\n<p>&nbsp;<\/p>\n<h5><strong><span class=\"\" lang=\"fr\"><span id=\"result_box\" class=\"\" lang=\"fr\"><span class=\"\">Ici vous pouvez trouver nos politique de confidentialit\u00e9 en allemand et en anglais:<\/span><\/span><\/span><\/strong><\/h5>\n<p>&nbsp;<\/p>\n<h5><strong><a href=\"https:\/\/dr-martins.com\/de\/datenschutz\/\"><span class=\"\">ALLEMAND<\/span><\/a><\/strong><\/h5>\n<h5><strong><a href=\"https:\/\/dr-martins.com\/privacy\/?skip-lang=true\"><span class=\"\">ANGLAIS<\/span><\/a><span id=\"result_box\" class=\"\" lang=\"fr\"><\/span><\/strong><\/h5>\n","protected":false},"excerpt":{"rendered":"<p>Politique de confidentialit\u00e9 &nbsp; Ici vous pouvez trouver nos politique de confidentialit\u00e9 en allemand et en anglais: &nbsp; ALLEMAND ANGLAIS<\/p>\n","protected":false},"author":1,"featured_media":0,"parent":0,"menu_order":0,"comment_status":"closed","ping_status":"closed","template":"","meta":{"footnotes":""},"class_list":["post-2822","page","type-page","status-publish","hentry"],"acf":[],"yoast_head":"<!-- This site is optimized with the Yoast SEO plugin v27.3 - https:\/\/yoast.com\/product\/yoast-seo-wordpress\/ -->\n<title>Protection des donn\u00e9es | la boisson de coco du Dr Antonio Martins<\/title>\n<meta name=\"description\" content=\"Coco collectionne peut-\u00eatre les prix, mais certainement pas les donn\u00e9es. Il n&#039;y a donc aucun risque en termes de vol de donn\u00e9es, de technique g\u00e9n\u00e9tique, d&#039;allerg\u00e8nes ou d&#039;autres additifs.\" \/>\n<meta name=\"robots\" content=\"index, follow, max-snippet:-1, max-image-preview:large, max-video-preview:-1\" \/>\n<link rel=\"canonical\" href=\"https:\/\/dr-martins.com\/fr\/politique-de-confidentialite\/\" \/>\n<meta property=\"og:locale\" content=\"fr_FR\" \/>\n<meta property=\"og:type\" content=\"article\" \/>\n<meta property=\"og:title\" content=\"Protection des donn\u00e9es | la boisson de coco du Dr Antonio Martins\" \/>\n<meta property=\"og:description\" content=\"Coco collectionne peut-\u00eatre les prix, mais certainement pas les donn\u00e9es. Il n&#039;y a donc aucun risque en termes de vol de donn\u00e9es, de technique g\u00e9n\u00e9tique, d&#039;allerg\u00e8nes ou d&#039;autres additifs.\" \/>\n<meta property=\"og:url\" content=\"https:\/\/dr-martins.com\/fr\/politique-de-confidentialite\/\" \/>\n<meta property=\"og:site_name\" content=\"coco von dr. antonio martins\" \/>\n<meta property=\"article:modified_time\" content=\"2018-06-25T14:34:07+00:00\" \/>\n<meta name=\"twitter:card\" content=\"summary_large_image\" \/>\n<script type=\"application\/ld+json\" class=\"yoast-schema-graph\">{\"@context\":\"https:\\\/\\\/schema.org\",\"@graph\":[{\"@type\":\"WebPage\",\"@id\":\"https:\\\/\\\/dr-martins.com\\\/fr\\\/politique-de-confidentialite\\\/\",\"url\":\"https:\\\/\\\/dr-martins.com\\\/fr\\\/politique-de-confidentialite\\\/\",\"name\":\"Protection des donn\u00e9es | la boisson de coco du Dr Antonio Martins\",\"isPartOf\":{\"@id\":\"https:\\\/\\\/dr-martins.com\\\/#website\"},\"datePublished\":\"2015-10-14T15:07:09+00:00\",\"dateModified\":\"2018-06-25T14:34:07+00:00\",\"description\":\"Coco collectionne peut-\u00eatre les prix, mais certainement pas les donn\u00e9es. Il n'y a donc aucun risque en termes de vol de donn\u00e9es, de technique g\u00e9n\u00e9tique, d'allerg\u00e8nes ou d'autres additifs.\",\"breadcrumb\":{\"@id\":\"https:\\\/\\\/dr-martins.com\\\/fr\\\/politique-de-confidentialite\\\/#breadcrumb\"},\"inLanguage\":\"fr-FR\",\"potentialAction\":[{\"@type\":\"ReadAction\",\"target\":[\"https:\\\/\\\/dr-martins.com\\\/fr\\\/politique-de-confidentialite\\\/\"]}]},{\"@type\":\"BreadcrumbList\",\"@id\":\"https:\\\/\\\/dr-martins.com\\\/fr\\\/politique-de-confidentialite\\\/#breadcrumb\",\"itemListElement\":[{\"@type\":\"ListItem\",\"position\":1,\"name\":\"Home\",\"item\":\"https:\\\/\\\/dr-martins.com\\\/fr\\\/\"},{\"@type\":\"ListItem\",\"position\":2,\"name\":\"Politique de confidentialit\u00e9 (Datenschutz)\"}]},{\"@type\":\"WebSite\",\"@id\":\"https:\\\/\\\/dr-martins.com\\\/#website\",\"url\":\"https:\\\/\\\/dr-martins.com\\\/\",\"name\":\"coco von dr. antonio martins\",\"description\":\"Coco Seitenuntertitel\",\"potentialAction\":[{\"@type\":\"SearchAction\",\"target\":{\"@type\":\"EntryPoint\",\"urlTemplate\":\"https:\\\/\\\/dr-martins.com\\\/?s={search_term_string}\"},\"query-input\":{\"@type\":\"PropertyValueSpecification\",\"valueRequired\":true,\"valueName\":\"search_term_string\"}}],\"inLanguage\":\"fr-FR\"}]}<\/script>\n<!-- \/ Yoast SEO plugin. -->","yoast_head_json":{"title":"Protection des donn\u00e9es | la boisson de coco du Dr Antonio Martins","description":"Coco collectionne peut-\u00eatre les prix, mais certainement pas les donn\u00e9es. Il n'y a donc aucun risque en termes de vol de donn\u00e9es, de technique g\u00e9n\u00e9tique, d'allerg\u00e8nes ou d'autres additifs.","robots":{"index":"index","follow":"follow","max-snippet":"max-snippet:-1","max-image-preview":"max-image-preview:large","max-video-preview":"max-video-preview:-1"},"canonical":"https:\/\/dr-martins.com\/fr\/politique-de-confidentialite\/","og_locale":"fr_FR","og_type":"article","og_title":"Protection des donn\u00e9es | la boisson de coco du Dr Antonio Martins","og_description":"Coco collectionne peut-\u00eatre les prix, mais certainement pas les donn\u00e9es. Il n'y a donc aucun risque en termes de vol de donn\u00e9es, de technique g\u00e9n\u00e9tique, d'allerg\u00e8nes ou d'autres additifs.","og_url":"https:\/\/dr-martins.com\/fr\/politique-de-confidentialite\/","og_site_name":"coco von dr. antonio martins","article_modified_time":"2018-06-25T14:34:07+00:00","twitter_card":"summary_large_image","schema":{"@context":"https:\/\/schema.org","@graph":[{"@type":"WebPage","@id":"https:\/\/dr-martins.com\/fr\/politique-de-confidentialite\/","url":"https:\/\/dr-martins.com\/fr\/politique-de-confidentialite\/","name":"Protection des donn\u00e9es | la boisson de coco du Dr Antonio Martins","isPartOf":{"@id":"https:\/\/dr-martins.com\/#website"},"datePublished":"2015-10-14T15:07:09+00:00","dateModified":"2018-06-25T14:34:07+00:00","description":"Coco collectionne peut-\u00eatre les prix, mais certainement pas les donn\u00e9es. Il n'y a donc aucun risque en termes de vol de donn\u00e9es, de technique g\u00e9n\u00e9tique, d'allerg\u00e8nes ou d'autres additifs.","breadcrumb":{"@id":"https:\/\/dr-martins.com\/fr\/politique-de-confidentialite\/#breadcrumb"},"inLanguage":"fr-FR","potentialAction":[{"@type":"ReadAction","target":["https:\/\/dr-martins.com\/fr\/politique-de-confidentialite\/"]}]},{"@type":"BreadcrumbList","@id":"https:\/\/dr-martins.com\/fr\/politique-de-confidentialite\/#breadcrumb","itemListElement":[{"@type":"ListItem","position":1,"name":"Home","item":"https:\/\/dr-martins.com\/fr\/"},{"@type":"ListItem","position":2,"name":"Politique de confidentialit\u00e9 (Datenschutz)"}]},{"@type":"WebSite","@id":"https:\/\/dr-martins.com\/#website","url":"https:\/\/dr-martins.com\/","name":"coco von dr. antonio martins","description":"Coco Seitenuntertitel","potentialAction":[{"@type":"SearchAction","target":{"@type":"EntryPoint","urlTemplate":"https:\/\/dr-martins.com\/?s={search_term_string}"},"query-input":{"@type":"PropertyValueSpecification","valueRequired":true,"valueName":"search_term_string"}}],"inLanguage":"fr-FR"}]}},"_links":{"self":[{"href":"https:\/\/dr-martins.com\/fr\/wp-json\/wp\/v2\/pages\/2822","targetHints":{"allow":["GET"]}}],"collection":[{"href":"https:\/\/dr-martins.com\/fr\/wp-json\/wp\/v2\/pages"}],"about":[{"href":"https:\/\/dr-martins.com\/fr\/wp-json\/wp\/v2\/types\/page"}],"author":[{"embeddable":true,"href":"https:\/\/dr-martins.com\/fr\/wp-json\/wp\/v2\/users\/1"}],"replies":[{"embeddable":true,"href":"https:\/\/dr-martins.com\/fr\/wp-json\/wp\/v2\/comments?post=2822"}],"version-history":[{"count":7,"href":"https:\/\/dr-martins.com\/fr\/wp-json\/wp\/v2\/pages\/2822\/revisions"}],"predecessor-version":[{"id":5694,"href":"https:\/\/dr-martins.com\/fr\/wp-json\/wp\/v2\/pages\/2822\/revisions\/5694"}],"wp:attachment":[{"href":"https:\/\/dr-martins.com\/fr\/wp-json\/wp\/v2\/media?parent=2822"}],"curies":[{"name":"wp","href":"https:\/\/api.w.org\/{rel}","templated":true}]}}