{"id":4679,"date":"2018-01-17T15:19:16","date_gmt":"2018-01-17T14:19:16","guid":{"rendered":"http:\/\/dr-martins.com\/fr\/?page_id=4679"},"modified":"2026-02-09T21:23:06","modified_gmt":"2026-02-09T20:23:06","slug":"presse","status":"publish","type":"page","link":"https:\/\/dr-martins.com\/fr\/presse\/","title":{"rendered":"presse"},"content":{"rendered":"<h1>presse<\/h1>\n<p>&nbsp;<\/p>\n<h3>Sp\u00e9cial BIOFACH :<br \/>\nNous avons cr\u00e9\u00e9 un espace presse d\u00e9di\u00e9 sp\u00e9cialement \u00e0 BIOFACH. Veuillez <a href=\"https:\/\/dr-martins.com\/fr\/online-press-kit-for-biofach\/\">cliquer ici<\/a> pour y acc\u00e9der.<\/h3>\n<p>&nbsp;<\/p>\n<p><strong>Bienvenue sur notre page presse d\u00e9di\u00e9e \u00e0 la noix de coco ! <\/strong><\/p>\n<p>&nbsp;<\/p>\n<p>Vous trouverez ici toutes les actualit\u00e9s concernant le Dr Antonio Martins, la Green Coco Europe GmbH et nos tout nouveaux jus d\u00e9licieux \u00e0 base de coco !<\/p>\n<p>Vous voulez en savoir plus sur le monde de la noix de coco ?<\/p>\n<p>Vous voulez r\u00e9diger un article sur la noix de coco et cherchez des informations ?<\/p>\n<p>Vous avez besoin de photos et d&rsquo;images de produits ?<\/p>\n<p>Vous \u00eates blogueur et d\u00e9sirez coop\u00e9rer avec nous ?<\/p>\n<p>&nbsp;<\/p>\n<div class=\"col-sm-9\" style=\"padding-left: 0;\">\n<p><strong>Alors n&rsquo;h\u00e9sitez pas et cocontactez-nous :<\/strong><\/p>\n<p>Alexa Holzapfel<\/p>\n<p>PR &amp; Social Media<\/p>\n<p>Tel.: 0911\/58058890<\/p>\n<p><a href=\"mailto:pr@green-coco.com\">pr@green-coco.com<\/a><\/p>\n<p>&nbsp;<\/p>\n<p><strong><span class=\"\" lang=\"fr\"><span id=\"result_box\" class=\"\" lang=\"fr\"><span class=\"\">Ici vous pouvez trouver nos nouvelles en allemand et en anglais:<\/span><\/span><\/span><\/strong><\/p>\n<p>&nbsp;<\/p>\n<p><a href=\"https:\/\/dr-martins.com\/de\/presse\/\"><span class=\"\">ALLEMAND<\/span><\/a><\/p>\n<p><a href=\"https:\/\/dr-martins.com\/press\/?skip-lang=true\"><span class=\"\">ANGLAIS<\/span><\/a><\/p>\n<p>&nbsp;<\/p>\n<\/div>\n<div class=\"col-sm-7\">\n<p>&nbsp;<\/p>\n<\/div>\n","protected":false},"excerpt":{"rendered":"<p>presse &nbsp; Sp\u00e9cial BIOFACH : Nous avons cr\u00e9\u00e9 un espace presse d\u00e9di\u00e9 sp\u00e9cialement \u00e0 BIOFACH. Veuillez cliquer ici pour y acc\u00e9der. &nbsp; Bienvenue sur notre page presse d\u00e9di\u00e9e \u00e0 la noix de coco ! &nbsp; Vous trouverez ici toutes les actualit\u00e9s concernant le Dr Antonio Martins, la Green Coco Europe GmbH et nos tout nouveaux &hellip; <a href=\"https:\/\/dr-martins.com\/fr\/presse\/\">Continued<\/a><\/p>\n","protected":false},"author":11,"featured_media":0,"parent":0,"menu_order":0,"comment_status":"closed","ping_status":"closed","template":"","meta":{"footnotes":""},"class_list":["post-4679","page","type-page","status-publish","hentry"],"acf":[],"yoast_head":"<!-- This site is optimized with the Yoast SEO plugin v27.3 - https:\/\/yoast.com\/product\/yoast-seo-wordpress\/ -->\n<title>presse - coco von dr. antonio martins<\/title>\n<meta name=\"robots\" content=\"index, follow, max-snippet:-1, max-image-preview:large, max-video-preview:-1\" \/>\n<link rel=\"canonical\" href=\"https:\/\/dr-martins.com\/fr\/presse\/\" \/>\n<meta property=\"og:locale\" content=\"fr_FR\" \/>\n<meta property=\"og:type\" content=\"article\" \/>\n<meta property=\"og:title\" content=\"presse - coco von dr. antonio martins\" \/>\n<meta property=\"og:description\" content=\"presse &nbsp; Sp\u00e9cial BIOFACH : Nous avons cr\u00e9\u00e9 un espace presse d\u00e9di\u00e9 sp\u00e9cialement \u00e0 BIOFACH. Veuillez cliquer ici pour y acc\u00e9der. &nbsp; Bienvenue sur notre page presse d\u00e9di\u00e9e \u00e0 la noix de coco ! &nbsp; Vous trouverez ici toutes les actualit\u00e9s concernant le Dr Antonio Martins, la Green Coco Europe GmbH et nos tout nouveaux &hellip; Continued\" \/>\n<meta property=\"og:url\" content=\"https:\/\/dr-martins.com\/fr\/presse\/\" \/>\n<meta property=\"og:site_name\" content=\"coco von dr. antonio martins\" \/>\n<meta property=\"article:modified_time\" content=\"2026-02-09T20:23:06+00:00\" \/>\n<meta name=\"twitter:card\" content=\"summary_large_image\" \/>\n<meta name=\"twitter:label1\" content=\"Dur\u00e9e de lecture estim\u00e9e\" \/>\n\t<meta name=\"twitter:data1\" content=\"1 minute\" \/>\n<script type=\"application\/ld+json\" class=\"yoast-schema-graph\">{\"@context\":\"https:\\\/\\\/schema.org\",\"@graph\":[{\"@type\":\"WebPage\",\"@id\":\"https:\\\/\\\/dr-martins.com\\\/fr\\\/presse\\\/\",\"url\":\"https:\\\/\\\/dr-martins.com\\\/fr\\\/presse\\\/\",\"name\":\"presse - coco von dr. antonio martins\",\"isPartOf\":{\"@id\":\"https:\\\/\\\/dr-martins.com\\\/#website\"},\"datePublished\":\"2018-01-17T14:19:16+00:00\",\"dateModified\":\"2026-02-09T20:23:06+00:00\",\"breadcrumb\":{\"@id\":\"https:\\\/\\\/dr-martins.com\\\/fr\\\/presse\\\/#breadcrumb\"},\"inLanguage\":\"fr-FR\",\"potentialAction\":[{\"@type\":\"ReadAction\",\"target\":[\"https:\\\/\\\/dr-martins.com\\\/fr\\\/presse\\\/\"]}]},{\"@type\":\"BreadcrumbList\",\"@id\":\"https:\\\/\\\/dr-martins.com\\\/fr\\\/presse\\\/#breadcrumb\",\"itemListElement\":[{\"@type\":\"ListItem\",\"position\":1,\"name\":\"Home\",\"item\":\"https:\\\/\\\/dr-martins.com\\\/fr\\\/\"},{\"@type\":\"ListItem\",\"position\":2,\"name\":\"presse\"}]},{\"@type\":\"WebSite\",\"@id\":\"https:\\\/\\\/dr-martins.com\\\/#website\",\"url\":\"https:\\\/\\\/dr-martins.com\\\/\",\"name\":\"coco von dr. antonio martins\",\"description\":\"Coco Seitenuntertitel\",\"potentialAction\":[{\"@type\":\"SearchAction\",\"target\":{\"@type\":\"EntryPoint\",\"urlTemplate\":\"https:\\\/\\\/dr-martins.com\\\/?s={search_term_string}\"},\"query-input\":{\"@type\":\"PropertyValueSpecification\",\"valueRequired\":true,\"valueName\":\"search_term_string\"}}],\"inLanguage\":\"fr-FR\"}]}<\/script>\n<!-- \/ Yoast SEO plugin. -->","yoast_head_json":{"title":"presse - coco von dr. antonio martins","robots":{"index":"index","follow":"follow","max-snippet":"max-snippet:-1","max-image-preview":"max-image-preview:large","max-video-preview":"max-video-preview:-1"},"canonical":"https:\/\/dr-martins.com\/fr\/presse\/","og_locale":"fr_FR","og_type":"article","og_title":"presse - coco von dr. antonio martins","og_description":"presse &nbsp; Sp\u00e9cial BIOFACH : Nous avons cr\u00e9\u00e9 un espace presse d\u00e9di\u00e9 sp\u00e9cialement \u00e0 BIOFACH. Veuillez cliquer ici pour y acc\u00e9der. &nbsp; Bienvenue sur notre page presse d\u00e9di\u00e9e \u00e0 la noix de coco ! &nbsp; Vous trouverez ici toutes les actualit\u00e9s concernant le Dr Antonio Martins, la Green Coco Europe GmbH et nos tout nouveaux &hellip; Continued","og_url":"https:\/\/dr-martins.com\/fr\/presse\/","og_site_name":"coco von dr. antonio martins","article_modified_time":"2026-02-09T20:23:06+00:00","twitter_card":"summary_large_image","twitter_misc":{"Dur\u00e9e de lecture estim\u00e9e":"1 minute"},"schema":{"@context":"https:\/\/schema.org","@graph":[{"@type":"WebPage","@id":"https:\/\/dr-martins.com\/fr\/presse\/","url":"https:\/\/dr-martins.com\/fr\/presse\/","name":"presse - coco von dr. antonio martins","isPartOf":{"@id":"https:\/\/dr-martins.com\/#website"},"datePublished":"2018-01-17T14:19:16+00:00","dateModified":"2026-02-09T20:23:06+00:00","breadcrumb":{"@id":"https:\/\/dr-martins.com\/fr\/presse\/#breadcrumb"},"inLanguage":"fr-FR","potentialAction":[{"@type":"ReadAction","target":["https:\/\/dr-martins.com\/fr\/presse\/"]}]},{"@type":"BreadcrumbList","@id":"https:\/\/dr-martins.com\/fr\/presse\/#breadcrumb","itemListElement":[{"@type":"ListItem","position":1,"name":"Home","item":"https:\/\/dr-martins.com\/fr\/"},{"@type":"ListItem","position":2,"name":"presse"}]},{"@type":"WebSite","@id":"https:\/\/dr-martins.com\/#website","url":"https:\/\/dr-martins.com\/","name":"coco von dr. antonio martins","description":"Coco Seitenuntertitel","potentialAction":[{"@type":"SearchAction","target":{"@type":"EntryPoint","urlTemplate":"https:\/\/dr-martins.com\/?s={search_term_string}"},"query-input":{"@type":"PropertyValueSpecification","valueRequired":true,"valueName":"search_term_string"}}],"inLanguage":"fr-FR"}]}},"_links":{"self":[{"href":"https:\/\/dr-martins.com\/fr\/wp-json\/wp\/v2\/pages\/4679","targetHints":{"allow":["GET"]}}],"collection":[{"href":"https:\/\/dr-martins.com\/fr\/wp-json\/wp\/v2\/pages"}],"about":[{"href":"https:\/\/dr-martins.com\/fr\/wp-json\/wp\/v2\/types\/page"}],"author":[{"embeddable":true,"href":"https:\/\/dr-martins.com\/fr\/wp-json\/wp\/v2\/users\/11"}],"replies":[{"embeddable":true,"href":"https:\/\/dr-martins.com\/fr\/wp-json\/wp\/v2\/comments?post=4679"}],"version-history":[{"count":8,"href":"https:\/\/dr-martins.com\/fr\/wp-json\/wp\/v2\/pages\/4679\/revisions"}],"predecessor-version":[{"id":15525,"href":"https:\/\/dr-martins.com\/fr\/wp-json\/wp\/v2\/pages\/4679\/revisions\/15525"}],"wp:attachment":[{"href":"https:\/\/dr-martins.com\/fr\/wp-json\/wp\/v2\/media?parent=4679"}],"curies":[{"name":"wp","href":"https:\/\/api.w.org\/{rel}","templated":true}]}}